{"id":13588,"date":"2024-02-29T13:39:53","date_gmt":"2024-02-29T13:39:53","guid":{"rendered":"https:\/\/gray-koala-420333.hostingersite.com\/?post_type=product&#038;p=13588"},"modified":"2024-02-29T15:00:25","modified_gmt":"2024-02-29T15:00:25","slug":"kagiz-canta-a4-2","status":"publish","type":"product","link":"https:\/\/printland.az\/az\/shop\/metbee\/kagiz-canta-a4-2\/","title":{"rendered":"Ka\u011f\u0131z \u00e7anta A4"},"content":{"rendered":"<p style=\"font-weight: 400;\">Ka\u011f\u0131z \u00e7anta \u015firk\u0259ti tan\u0131t\u0131m\u0131, eyni zamanda \u00e7ap olunan v\u0259 ya haz\u0131rlanm\u0131\u015f ba\u015fqa m\u0259hsul istehsal\u0131 \u00fc\u00e7\u00fcn istifad\u0259 olunan m\u0259hsuldur.<\/p>\n<p style=\"font-weight: 400;\">A4, A5, A6 v\u0259 s. \u00f6l\u00e7\u00fcl\u0259rd\u0259, 230 qr. bristol ka\u011f\u0131z\u0131nda 100, 200, 300, 500 v\u0259 s. say iki\u00fczl\u00fc r\u0259ngli \u00e7ap v\u0259 laminasiya olunur. \u00c7antan\u0131n ipl\u0259ri ist\u0259kd\u0259n as\u0131l\u0131 olaraq sad\u0259 a\u011f v\u0259 ya m\u00fcxt\u0259lif r\u0259ngl\u0259rd\u0259 olur.<\/p>","protected":false},"excerpt":{"rendered":"<p style=\"font-weight: 400;\">Ka\u011f\u0131z \u00e7anta \u015firk\u0259ti tan\u0131t\u0131m\u0131, eyni zamanda \u00e7ap olunan v\u0259 ya haz\u0131rlanm\u0131\u015f ba\u015fqa m\u0259hsul istehsal\u0131 \u00fc\u00e7\u00fcn istifad\u0259 olunan m\u0259hsuldur.<\/p>\n<p style=\"font-weight: 400;\">A4, A5, A6 v\u0259 s. \u00f6l\u00e7\u00fcl\u0259rd\u0259, 230 qr. bristol ka\u011f\u0131z\u0131nda 100, 200, 300, 500 v\u0259 s. say iki\u00fczl\u00fc r\u0259ngli \u00e7ap v\u0259 laminasiya olunur. \u00c7antan\u0131n ipl\u0259ri ist\u0259kd\u0259n as\u0131l\u0131 olaraq sad\u0259 a\u011f v\u0259 ya m\u00fcxt\u0259lif r\u0259ngl\u0259rd\u0259 olur.<\/p>","protected":false},"featured_media":13589,"comment_status":"closed","ping_status":"closed","template":"","meta":[],"product_brand":[],"product_cat":[58],"product_tag":[],"class_list":{"0":"post-13588","1":"product","2":"type-product","3":"status-publish","4":"has-post-thumbnail","6":"product_cat-metbee","8":"first","9":"instock","10":"shipping-taxable","11":"purchasable","12":"product-type-simple"},"yoast_head":"<!-- This site is optimized with the Yoast SEO plugin v27.4 - https:\/\/yoast.com\/product\/yoast-seo-wordpress\/ -->\n<title>Ka\u011f\u0131z \u00e7anta A4 - Printland<\/title>\n<meta name=\"robots\" content=\"index, follow, max-snippet:-1, max-image-preview:large, max-video-preview:-1\" \/>\n<link rel=\"canonical\" href=\"https:\/\/printland.az\/az\/shop\/metbee\/kagiz-canta-a4-2\/\" \/>\n<meta property=\"og:locale\" content=\"az_AZ\" \/>\n<meta property=\"og:type\" content=\"article\" \/>\n<meta property=\"og:title\" content=\"Ka\u011f\u0131z \u00e7anta A4 - Printland\" \/>\n<meta property=\"og:description\" content=\"Ka\u011f\u0131z \u00e7anta \u015firk\u0259tin tan\u0131t\u0131m\u0131, eyni zamanda \u00e7ap olunan v\u0259 yaxud haz\u0131rlanan dig\u0259r m\u0259hsullar\u0131 i\u00e7\u0259risind\u0259 da\u015f\u0131nmas\u0131 \u00fc\u00e7\u00fcn istifad\u0259 olunan m\u0259hsuldur. A4, A5, A6 v\u0259 s. \u00f6l\u00e7\u00fcl\u0259rd\u0259, 230 qr. bristol ka\u011f\u0131z\u0131nda 100, 200, 300, 500 v\u0259 s. say \u00fczr\u0259 iki\u00fczl\u00fc r\u0259ngli \u00e7ap v\u0259 laminasiya olunur. \u00c7antan\u0131n ipl\u0259ri ist\u0259kd\u0259n as\u0131l\u0131 olaraq sad\u0259 a\u011f v\u0259 ya m\u00fcxt\u0259lif r\u0259ngl\u0259rd\u0259 olur.\" \/>\n<meta property=\"og:url\" content=\"https:\/\/printland.az\/az\/shop\/metbee\/kagiz-canta-a4-2\/\" \/>\n<meta property=\"og:site_name\" content=\"Printland\" \/>\n<meta property=\"article:modified_time\" content=\"2024-02-29T15:00:25+00:00\" \/>\n<meta property=\"og:image\" content=\"https:\/\/printland.az\/wp-content\/uploads\/2024\/02\/printland.az_.print-bakuprintng-baku-_8-2-scaled.webp\" \/>\n\t<meta property=\"og:image:width\" content=\"1920\" \/>\n\t<meta property=\"og:image:height\" content=\"2560\" \/>\n\t<meta property=\"og:image:type\" content=\"image\/webp\" \/>\n<meta name=\"twitter:card\" content=\"summary_large_image\" \/>\n<script type=\"application\/ld+json\" class=\"yoast-schema-graph\">{\"@context\":\"https:\\\/\\\/schema.org\",\"@graph\":[{\"@type\":\"WebPage\",\"@id\":\"https:\\\/\\\/printland.az\\\/en\\\/shop\\\/metbee\\\/kagiz-canta-a4-2\\\/\",\"url\":\"https:\\\/\\\/printland.az\\\/en\\\/shop\\\/metbee\\\/kagiz-canta-a4-2\\\/\",\"name\":\"Ka\u011f\u0131z \u00e7anta A4 - Printland\",\"isPartOf\":{\"@id\":\"https:\\\/\\\/printland.az\\\/az\\\/#website\"},\"primaryImageOfPage\":{\"@id\":\"https:\\\/\\\/printland.az\\\/en\\\/shop\\\/metbee\\\/kagiz-canta-a4-2\\\/#primaryimage\"},\"image\":{\"@id\":\"https:\\\/\\\/printland.az\\\/en\\\/shop\\\/metbee\\\/kagiz-canta-a4-2\\\/#primaryimage\"},\"thumbnailUrl\":\"https:\\\/\\\/printland.az\\\/wp-content\\\/uploads\\\/2024\\\/02\\\/printland.az_.print-bakuprintng-baku-_8-2-scaled.webp\",\"datePublished\":\"2024-02-29T13:39:53+00:00\",\"dateModified\":\"2024-02-29T15:00:25+00:00\",\"breadcrumb\":{\"@id\":\"https:\\\/\\\/printland.az\\\/en\\\/shop\\\/metbee\\\/kagiz-canta-a4-2\\\/#breadcrumb\"},\"inLanguage\":\"az\",\"potentialAction\":[{\"@type\":\"ReadAction\",\"target\":[\"https:\\\/\\\/printland.az\\\/en\\\/shop\\\/metbee\\\/kagiz-canta-a4-2\\\/\"]}]},{\"@type\":\"ImageObject\",\"inLanguage\":\"az\",\"@id\":\"https:\\\/\\\/printland.az\\\/en\\\/shop\\\/metbee\\\/kagiz-canta-a4-2\\\/#primaryimage\",\"url\":\"https:\\\/\\\/printland.az\\\/wp-content\\\/uploads\\\/2024\\\/02\\\/printland.az_.print-bakuprintng-baku-_8-2-scaled.webp\",\"contentUrl\":\"https:\\\/\\\/printland.az\\\/wp-content\\\/uploads\\\/2024\\\/02\\\/printland.az_.print-bakuprintng-baku-_8-2-scaled.webp\",\"width\":1920,\"height\":2560},{\"@type\":\"BreadcrumbList\",\"@id\":\"https:\\\/\\\/printland.az\\\/en\\\/shop\\\/metbee\\\/kagiz-canta-a4-2\\\/#breadcrumb\",\"itemListElement\":[{\"@type\":\"ListItem\",\"position\":1,\"name\":\"Home\",\"item\":\"https:\\\/\\\/printland.az\\\/az\\\/\"},{\"@type\":\"ListItem\",\"position\":2,\"name\":\"M\u0259hsullar\u0131m\u0131z\",\"item\":\"https:\\\/\\\/printland.az\\\/az\\\/shop\\\/\"},{\"@type\":\"ListItem\",\"position\":3,\"name\":\"Ka\u011f\u0131z \u00e7anta A4\"}]},{\"@type\":\"WebSite\",\"@id\":\"https:\\\/\\\/printland.az\\\/az\\\/#website\",\"url\":\"https:\\\/\\\/printland.az\\\/az\\\/\",\"name\":\"Printland\",\"description\":\"\",\"potentialAction\":[{\"@type\":\"SearchAction\",\"target\":{\"@type\":\"EntryPoint\",\"urlTemplate\":\"https:\\\/\\\/printland.az\\\/az\\\/?s={search_term_string}\"},\"query-input\":{\"@type\":\"PropertyValueSpecification\",\"valueRequired\":true,\"valueName\":\"search_term_string\"}}],\"inLanguage\":\"az\"}]}<\/script>\n<!-- \/ Yoast SEO plugin. -->","yoast_head_json":{"title":"Ka\u011f\u0131z \u00e7anta A4 - Printland","robots":{"index":"index","follow":"follow","max-snippet":"max-snippet:-1","max-image-preview":"max-image-preview:large","max-video-preview":"max-video-preview:-1"},"canonical":"https:\/\/printland.az\/az\/shop\/metbee\/kagiz-canta-a4-2\/","og_locale":"az_AZ","og_type":"article","og_title":"Ka\u011f\u0131z \u00e7anta A4 - Printland","og_description":"Ka\u011f\u0131z \u00e7anta \u015firk\u0259tin tan\u0131t\u0131m\u0131, eyni zamanda \u00e7ap olunan v\u0259 yaxud haz\u0131rlanan dig\u0259r m\u0259hsullar\u0131 i\u00e7\u0259risind\u0259 da\u015f\u0131nmas\u0131 \u00fc\u00e7\u00fcn istifad\u0259 olunan m\u0259hsuldur. A4, A5, A6 v\u0259 s. \u00f6l\u00e7\u00fcl\u0259rd\u0259, 230 qr. bristol ka\u011f\u0131z\u0131nda 100, 200, 300, 500 v\u0259 s. say \u00fczr\u0259 iki\u00fczl\u00fc r\u0259ngli \u00e7ap v\u0259 laminasiya olunur. \u00c7antan\u0131n ipl\u0259ri ist\u0259kd\u0259n as\u0131l\u0131 olaraq sad\u0259 a\u011f v\u0259 ya m\u00fcxt\u0259lif r\u0259ngl\u0259rd\u0259 olur.","og_url":"https:\/\/printland.az\/az\/shop\/metbee\/kagiz-canta-a4-2\/","og_site_name":"Printland","article_modified_time":"2024-02-29T15:00:25+00:00","og_image":[{"width":1920,"height":2560,"url":"https:\/\/printland.az\/wp-content\/uploads\/2024\/02\/printland.az_.print-bakuprintng-baku-_8-2-scaled.webp","type":"image\/webp"}],"twitter_card":"summary_large_image","schema":{"@context":"https:\/\/schema.org","@graph":[{"@type":"WebPage","@id":"https:\/\/printland.az\/en\/shop\/metbee\/kagiz-canta-a4-2\/","url":"https:\/\/printland.az\/en\/shop\/metbee\/kagiz-canta-a4-2\/","name":"Ka\u011f\u0131z \u00e7anta A4 - Printland","isPartOf":{"@id":"https:\/\/printland.az\/az\/#website"},"primaryImageOfPage":{"@id":"https:\/\/printland.az\/en\/shop\/metbee\/kagiz-canta-a4-2\/#primaryimage"},"image":{"@id":"https:\/\/printland.az\/en\/shop\/metbee\/kagiz-canta-a4-2\/#primaryimage"},"thumbnailUrl":"https:\/\/printland.az\/wp-content\/uploads\/2024\/02\/printland.az_.print-bakuprintng-baku-_8-2-scaled.webp","datePublished":"2024-02-29T13:39:53+00:00","dateModified":"2024-02-29T15:00:25+00:00","breadcrumb":{"@id":"https:\/\/printland.az\/en\/shop\/metbee\/kagiz-canta-a4-2\/#breadcrumb"},"inLanguage":"az","potentialAction":[{"@type":"ReadAction","target":["https:\/\/printland.az\/en\/shop\/metbee\/kagiz-canta-a4-2\/"]}]},{"@type":"ImageObject","inLanguage":"az","@id":"https:\/\/printland.az\/en\/shop\/metbee\/kagiz-canta-a4-2\/#primaryimage","url":"https:\/\/printland.az\/wp-content\/uploads\/2024\/02\/printland.az_.print-bakuprintng-baku-_8-2-scaled.webp","contentUrl":"https:\/\/printland.az\/wp-content\/uploads\/2024\/02\/printland.az_.print-bakuprintng-baku-_8-2-scaled.webp","width":1920,"height":2560},{"@type":"BreadcrumbList","@id":"https:\/\/printland.az\/en\/shop\/metbee\/kagiz-canta-a4-2\/#breadcrumb","itemListElement":[{"@type":"ListItem","position":1,"name":"Home","item":"https:\/\/printland.az\/az\/"},{"@type":"ListItem","position":2,"name":"M\u0259hsullar\u0131m\u0131z","item":"https:\/\/printland.az\/az\/shop\/"},{"@type":"ListItem","position":3,"name":"Ka\u011f\u0131z \u00e7anta A4"}]},{"@type":"WebSite","@id":"https:\/\/printland.az\/az\/#website","url":"https:\/\/printland.az\/az\/","name":"Printland","description":"","potentialAction":[{"@type":"SearchAction","target":{"@type":"EntryPoint","urlTemplate":"https:\/\/printland.az\/az\/?s={search_term_string}"},"query-input":{"@type":"PropertyValueSpecification","valueRequired":true,"valueName":"search_term_string"}}],"inLanguage":"az"}]}},"_links":{"self":[{"href":"https:\/\/printland.az\/az\/wp-json\/wp\/v2\/product\/13588","targetHints":{"allow":["GET"]}}],"collection":[{"href":"https:\/\/printland.az\/az\/wp-json\/wp\/v2\/product"}],"about":[{"href":"https:\/\/printland.az\/az\/wp-json\/wp\/v2\/types\/product"}],"replies":[{"embeddable":true,"href":"https:\/\/printland.az\/az\/wp-json\/wp\/v2\/comments?post=13588"}],"wp:featuredmedia":[{"embeddable":true,"href":"https:\/\/printland.az\/az\/wp-json\/wp\/v2\/media\/13589"}],"wp:attachment":[{"href":"https:\/\/printland.az\/az\/wp-json\/wp\/v2\/media?parent=13588"}],"wp:term":[{"taxonomy":"product_brand","embeddable":true,"href":"https:\/\/printland.az\/az\/wp-json\/wp\/v2\/product_brand?post=13588"},{"taxonomy":"product_cat","embeddable":true,"href":"https:\/\/printland.az\/az\/wp-json\/wp\/v2\/product_cat?post=13588"},{"taxonomy":"product_tag","embeddable":true,"href":"https:\/\/printland.az\/az\/wp-json\/wp\/v2\/product_tag?post=13588"}],"curies":[{"name":"wp","href":"https:\/\/api.w.org\/{rel}","templated":true}]}}