{"id":13602,"date":"2024-02-29T13:43:26","date_gmt":"2024-02-29T13:43:26","guid":{"rendered":"https:\/\/gray-koala-420333.hostingersite.com\/?post_type=product&#038;p=13602"},"modified":"2024-02-29T15:00:25","modified_gmt":"2024-02-29T15:00:25","slug":"z%c9%99rf-a4-2","status":"publish","type":"product","link":"https:\/\/printland.az\/az\/shop\/metbee\/z%c9%99rf-a4-2\/","title":{"rendered":"Z\u0259rf A4"},"content":{"rendered":"<p style=\"font-weight: 400;\">Z\u0259rf s\u0259n\u0259dl\u0259ri da\u015f\u0131maq \u00fc\u00e7\u00fcn s\u0259liq\u0259li v\u0259 etibarl\u0131 m\u0259hsul hesab olunur. Eyni zamanda, loqo il\u0259 \u00e7ap olunan z\u0259rf \u015firk\u0259tin daha m\u0259suliyy\u0259tli v\u0259 \u0259h\u0259miyy\u0259tli oldu\u011funun g\u00f6st\u0259ricisidir.<\/p>\n<p style=\"font-weight: 400;\">A4+ (240 mm x 320 mm), A5+ (160 mm x 230 mm), diplomat (110 mm x 220 mm) v\u0259 s., \u00f6l\u00e7\u00fcl\u0259rd\u0259, 100, 200, 300, 500 v\u0259 s. say \u00fczr\u0259 110 qr.ka\u011f\u0131zda, r\u0259ngli v\u0259 ya a\u011f qara \u00e7ap il\u0259 haz\u0131rlan\u0131r.<\/p>","protected":false},"excerpt":{"rendered":"<p style=\"font-weight: 400;\">Z\u0259rf s\u0259n\u0259dl\u0259ri da\u015f\u0131maq \u00fc\u00e7\u00fcn s\u0259liq\u0259li v\u0259 etibarl\u0131 m\u0259hsul hesab olunur. Eyni zamanda, loqo il\u0259 \u00e7ap olunan z\u0259rf \u015firk\u0259tin daha m\u0259suliyy\u0259tli v\u0259 \u0259h\u0259miyy\u0259tli oldu\u011funun g\u00f6st\u0259ricisidir.<\/p>\n<p style=\"font-weight: 400;\">A4+ (240 mm x 320 mm), A5+ (160 mm x 230 mm), diplomat (110 mm x 220 mm) v\u0259 s., \u00f6l\u00e7\u00fcl\u0259rd\u0259, 100, 200, 300, 500 v\u0259 s. say \u00fczr\u0259 110 qr.ka\u011f\u0131zda, r\u0259ngli v\u0259 ya a\u011f qara \u00e7ap il\u0259 haz\u0131rlan\u0131r.<\/p>","protected":false},"featured_media":13606,"comment_status":"closed","ping_status":"closed","template":"","meta":[],"product_brand":[],"product_cat":[58],"product_tag":[],"class_list":{"0":"post-13602","1":"product","2":"type-product","3":"status-publish","4":"has-post-thumbnail","6":"product_cat-metbee","8":"first","9":"instock","10":"shipping-taxable","11":"purchasable","12":"product-type-simple"},"yoast_head":"<!-- This site is optimized with the Yoast SEO plugin v27.4 - https:\/\/yoast.com\/product\/yoast-seo-wordpress\/ -->\n<title>Z\u0259rf A4 - Printland<\/title>\n<meta name=\"robots\" content=\"index, follow, max-snippet:-1, max-image-preview:large, max-video-preview:-1\" \/>\n<link rel=\"canonical\" href=\"https:\/\/printland.az\/az\/shop\/metbee\/z\u0259rf-a4-2\/\" \/>\n<meta property=\"og:locale\" content=\"az_AZ\" \/>\n<meta property=\"og:type\" content=\"article\" \/>\n<meta property=\"og:title\" content=\"Z\u0259rf A4 - Printland\" \/>\n<meta property=\"og:description\" content=\"Z\u0259rf s\u0259n\u0259dl\u0259ri da\u015f\u0131maq \u00fc\u00e7\u00fcn s\u0259liq\u0259li v\u0259 etibarl\u0131 m\u0259hsul say\u0131l\u0131r. Eyni zamanda \u00fcz\u0259rind\u0259 loqo il\u0259 \u00e7ap olunan z\u0259rf \u015firk\u0259tin daha m\u0259suliyy\u0259tli v\u0259 \u00f6n\u0259mli oldu\u011funun g\u00f6st\u0259ricisidir. A4+ (240 mm x 320 mm), A5+ (160 mm x 230 mm), diplomat (110 mm x 220 mm) v\u0259 s., \u00f6l\u00e7\u00fcl\u0259rd\u0259, 100, 200, 300, 500 v\u0259 s. say \u00fczr\u0259 110 qr.ka\u011f\u0131zda, r\u0259ngli v\u0259 ya a\u011f qara \u00e7ap il\u0259 haz\u0131rlan\u0131r.\" \/>\n<meta property=\"og:url\" content=\"https:\/\/printland.az\/az\/shop\/metbee\/z\u0259rf-a4-2\/\" \/>\n<meta property=\"og:site_name\" content=\"Printland\" \/>\n<meta property=\"article:modified_time\" content=\"2024-02-29T15:00:25+00:00\" \/>\n<meta property=\"og:image\" content=\"https:\/\/printland.az\/wp-content\/uploads\/2024\/02\/printland.az_.print-bakuprintng-baku-_1-15-scaled.webp\" \/>\n\t<meta property=\"og:image:width\" content=\"1920\" \/>\n\t<meta property=\"og:image:height\" content=\"2560\" \/>\n\t<meta property=\"og:image:type\" content=\"image\/webp\" \/>\n<meta name=\"twitter:card\" content=\"summary_large_image\" \/>\n<script type=\"application\/ld+json\" class=\"yoast-schema-graph\">{\"@context\":\"https:\\\/\\\/schema.org\",\"@graph\":[{\"@type\":\"WebPage\",\"@id\":\"https:\\\/\\\/printland.az\\\/az\\\/shop\\\/metbee\\\/z%c9%99rf-a4-2\\\/\",\"url\":\"https:\\\/\\\/printland.az\\\/az\\\/shop\\\/metbee\\\/z%c9%99rf-a4-2\\\/\",\"name\":\"Z\u0259rf A4 - Printland\",\"isPartOf\":{\"@id\":\"https:\\\/\\\/printland.az\\\/az\\\/#website\"},\"primaryImageOfPage\":{\"@id\":\"https:\\\/\\\/printland.az\\\/az\\\/shop\\\/metbee\\\/z%c9%99rf-a4-2\\\/#primaryimage\"},\"image\":{\"@id\":\"https:\\\/\\\/printland.az\\\/az\\\/shop\\\/metbee\\\/z%c9%99rf-a4-2\\\/#primaryimage\"},\"thumbnailUrl\":\"https:\\\/\\\/printland.az\\\/wp-content\\\/uploads\\\/2024\\\/02\\\/printland.az_.print-bakuprintng-baku-_1-15-scaled.webp\",\"datePublished\":\"2024-02-29T13:43:26+00:00\",\"dateModified\":\"2024-02-29T15:00:25+00:00\",\"breadcrumb\":{\"@id\":\"https:\\\/\\\/printland.az\\\/az\\\/shop\\\/metbee\\\/z%c9%99rf-a4-2\\\/#breadcrumb\"},\"inLanguage\":\"az\",\"potentialAction\":[{\"@type\":\"ReadAction\",\"target\":[\"https:\\\/\\\/printland.az\\\/az\\\/shop\\\/metbee\\\/z%c9%99rf-a4-2\\\/\"]}]},{\"@type\":\"ImageObject\",\"inLanguage\":\"az\",\"@id\":\"https:\\\/\\\/printland.az\\\/az\\\/shop\\\/metbee\\\/z%c9%99rf-a4-2\\\/#primaryimage\",\"url\":\"https:\\\/\\\/printland.az\\\/wp-content\\\/uploads\\\/2024\\\/02\\\/printland.az_.print-bakuprintng-baku-_1-15-scaled.webp\",\"contentUrl\":\"https:\\\/\\\/printland.az\\\/wp-content\\\/uploads\\\/2024\\\/02\\\/printland.az_.print-bakuprintng-baku-_1-15-scaled.webp\",\"width\":1920,\"height\":2560},{\"@type\":\"BreadcrumbList\",\"@id\":\"https:\\\/\\\/printland.az\\\/az\\\/shop\\\/metbee\\\/z%c9%99rf-a4-2\\\/#breadcrumb\",\"itemListElement\":[{\"@type\":\"ListItem\",\"position\":1,\"name\":\"Home\",\"item\":\"https:\\\/\\\/printland.az\\\/az\\\/\"},{\"@type\":\"ListItem\",\"position\":2,\"name\":\"M\u0259hsullar\u0131m\u0131z\",\"item\":\"https:\\\/\\\/printland.az\\\/az\\\/shop\\\/\"},{\"@type\":\"ListItem\",\"position\":3,\"name\":\"Z\u0259rf A4\"}]},{\"@type\":\"WebSite\",\"@id\":\"https:\\\/\\\/printland.az\\\/az\\\/#website\",\"url\":\"https:\\\/\\\/printland.az\\\/az\\\/\",\"name\":\"Printland\",\"description\":\"\",\"potentialAction\":[{\"@type\":\"SearchAction\",\"target\":{\"@type\":\"EntryPoint\",\"urlTemplate\":\"https:\\\/\\\/printland.az\\\/az\\\/?s={search_term_string}\"},\"query-input\":{\"@type\":\"PropertyValueSpecification\",\"valueRequired\":true,\"valueName\":\"search_term_string\"}}],\"inLanguage\":\"az\"}]}<\/script>\n<!-- \/ Yoast SEO plugin. -->","yoast_head_json":{"title":"Z\u0259rf A4 - Printland","robots":{"index":"index","follow":"follow","max-snippet":"max-snippet:-1","max-image-preview":"max-image-preview:large","max-video-preview":"max-video-preview:-1"},"canonical":"https:\/\/printland.az\/az\/shop\/metbee\/z\u0259rf-a4-2\/","og_locale":"az_AZ","og_type":"article","og_title":"Z\u0259rf A4 - Printland","og_description":"Z\u0259rf s\u0259n\u0259dl\u0259ri da\u015f\u0131maq \u00fc\u00e7\u00fcn s\u0259liq\u0259li v\u0259 etibarl\u0131 m\u0259hsul say\u0131l\u0131r. Eyni zamanda \u00fcz\u0259rind\u0259 loqo il\u0259 \u00e7ap olunan z\u0259rf \u015firk\u0259tin daha m\u0259suliyy\u0259tli v\u0259 \u00f6n\u0259mli oldu\u011funun g\u00f6st\u0259ricisidir. A4+ (240 mm x 320 mm), A5+ (160 mm x 230 mm), diplomat (110 mm x 220 mm) v\u0259 s., \u00f6l\u00e7\u00fcl\u0259rd\u0259, 100, 200, 300, 500 v\u0259 s. say \u00fczr\u0259 110 qr.ka\u011f\u0131zda, r\u0259ngli v\u0259 ya a\u011f qara \u00e7ap il\u0259 haz\u0131rlan\u0131r.","og_url":"https:\/\/printland.az\/az\/shop\/metbee\/z\u0259rf-a4-2\/","og_site_name":"Printland","article_modified_time":"2024-02-29T15:00:25+00:00","og_image":[{"width":1920,"height":2560,"url":"https:\/\/printland.az\/wp-content\/uploads\/2024\/02\/printland.az_.print-bakuprintng-baku-_1-15-scaled.webp","type":"image\/webp"}],"twitter_card":"summary_large_image","schema":{"@context":"https:\/\/schema.org","@graph":[{"@type":"WebPage","@id":"https:\/\/printland.az\/az\/shop\/metbee\/z%c9%99rf-a4-2\/","url":"https:\/\/printland.az\/az\/shop\/metbee\/z%c9%99rf-a4-2\/","name":"Z\u0259rf A4 - Printland","isPartOf":{"@id":"https:\/\/printland.az\/az\/#website"},"primaryImageOfPage":{"@id":"https:\/\/printland.az\/az\/shop\/metbee\/z%c9%99rf-a4-2\/#primaryimage"},"image":{"@id":"https:\/\/printland.az\/az\/shop\/metbee\/z%c9%99rf-a4-2\/#primaryimage"},"thumbnailUrl":"https:\/\/printland.az\/wp-content\/uploads\/2024\/02\/printland.az_.print-bakuprintng-baku-_1-15-scaled.webp","datePublished":"2024-02-29T13:43:26+00:00","dateModified":"2024-02-29T15:00:25+00:00","breadcrumb":{"@id":"https:\/\/printland.az\/az\/shop\/metbee\/z%c9%99rf-a4-2\/#breadcrumb"},"inLanguage":"az","potentialAction":[{"@type":"ReadAction","target":["https:\/\/printland.az\/az\/shop\/metbee\/z%c9%99rf-a4-2\/"]}]},{"@type":"ImageObject","inLanguage":"az","@id":"https:\/\/printland.az\/az\/shop\/metbee\/z%c9%99rf-a4-2\/#primaryimage","url":"https:\/\/printland.az\/wp-content\/uploads\/2024\/02\/printland.az_.print-bakuprintng-baku-_1-15-scaled.webp","contentUrl":"https:\/\/printland.az\/wp-content\/uploads\/2024\/02\/printland.az_.print-bakuprintng-baku-_1-15-scaled.webp","width":1920,"height":2560},{"@type":"BreadcrumbList","@id":"https:\/\/printland.az\/az\/shop\/metbee\/z%c9%99rf-a4-2\/#breadcrumb","itemListElement":[{"@type":"ListItem","position":1,"name":"Home","item":"https:\/\/printland.az\/az\/"},{"@type":"ListItem","position":2,"name":"M\u0259hsullar\u0131m\u0131z","item":"https:\/\/printland.az\/az\/shop\/"},{"@type":"ListItem","position":3,"name":"Z\u0259rf A4"}]},{"@type":"WebSite","@id":"https:\/\/printland.az\/az\/#website","url":"https:\/\/printland.az\/az\/","name":"Printland","description":"","potentialAction":[{"@type":"SearchAction","target":{"@type":"EntryPoint","urlTemplate":"https:\/\/printland.az\/az\/?s={search_term_string}"},"query-input":{"@type":"PropertyValueSpecification","valueRequired":true,"valueName":"search_term_string"}}],"inLanguage":"az"}]}},"_links":{"self":[{"href":"https:\/\/printland.az\/az\/wp-json\/wp\/v2\/product\/13602","targetHints":{"allow":["GET"]}}],"collection":[{"href":"https:\/\/printland.az\/az\/wp-json\/wp\/v2\/product"}],"about":[{"href":"https:\/\/printland.az\/az\/wp-json\/wp\/v2\/types\/product"}],"replies":[{"embeddable":true,"href":"https:\/\/printland.az\/az\/wp-json\/wp\/v2\/comments?post=13602"}],"wp:featuredmedia":[{"embeddable":true,"href":"https:\/\/printland.az\/az\/wp-json\/wp\/v2\/media\/13606"}],"wp:attachment":[{"href":"https:\/\/printland.az\/az\/wp-json\/wp\/v2\/media?parent=13602"}],"wp:term":[{"taxonomy":"product_brand","embeddable":true,"href":"https:\/\/printland.az\/az\/wp-json\/wp\/v2\/product_brand?post=13602"},{"taxonomy":"product_cat","embeddable":true,"href":"https:\/\/printland.az\/az\/wp-json\/wp\/v2\/product_cat?post=13602"},{"taxonomy":"product_tag","embeddable":true,"href":"https:\/\/printland.az\/az\/wp-json\/wp\/v2\/product_tag?post=13602"}],"curies":[{"name":"wp","href":"https:\/\/api.w.org\/{rel}","templated":true}]}}