{"id":13464,"date":"2024-02-29T12:49:32","date_gmt":"2024-02-29T12:49:32","guid":{"rendered":"https:\/\/gray-koala-420333.hostingersite.com\/?post_type=product&#038;p=13464"},"modified":"2024-02-29T15:00:26","modified_gmt":"2024-02-29T15:00:26","slug":"bloknot-spiral-il%c9%99","status":"publish","type":"product","link":"https:\/\/printland.az\/ru\/shop\/metbee\/bloknot-spiral-il%c9%99\/","title":{"rendered":"\u0411\u043b\u043e\u043a\u043d\u043e\u0442 \u2013 \u0441\u043f\u0438\u0440\u0430\u043b\u044c\u043d\u044b\u0439 \u0432\u0430\u0440\u0438\u0430\u043d\u0442"},"content":{"rendered":"<p style=\"font-weight: 400;\">\u0424\u043e\u0440\u043c\u0430\u0442 A4 (297 x 210 \u043c\u043c) \u0438 A5 (210 x 148 \u043c\u043c) \u00f6l\u00e7\u00fcs\u00fcnd\u0259, \u00fcz qab\u0131\u011f\u0131 300 qr. \u043d\u0430\u043f\u0440\u0438\u043c\u0435\u0440, \u041c\u044d\u0442\u0442 \u0438 \u043b\u0430\u043c\u0438\u043d\u0430\u0446\u0438\u044f Parlaq, \u0438 \u044d\u0442\u043e 50 \u043e\u0447\u043a\u043e\u0432, qr. gr offset ka\u011f\u0131z\u0131nda bir\u00fczl\u00fc, iki\u00fczl\u00fc, r\u0259ngli v\u0259 ya a\u011f-qara \u00e7ap il\u0259, metal yayla b\u0259rkidilir.<\/p>","protected":false},"excerpt":{"rendered":"<p style=\"font-weight: 400;\">\u0424\u043e\u0440\u043c\u0430\u0442 A4 (297 x 210 \u043c\u043c) \u0438 A5 (210 x 148 \u043c\u043c) \u00f6l\u00e7\u00fcs\u00fcnd\u0259, \u00fcz qab\u0131\u011f\u0131 300 qr. \u043d\u0430\u043f\u0440\u0438\u043c\u0435\u0440, \u041c\u044d\u0442\u0442 \u0438 \u043b\u0430\u043c\u0438\u043d\u0430\u0446\u0438\u044f Parlaq, \u0438 \u044d\u0442\u043e 50 \u043e\u0447\u043a\u043e\u0432, qr. gr offset ka\u011f\u0131z\u0131nda bir\u00fczl\u00fc, iki\u00fczl\u00fc, r\u0259ngli v\u0259 ya a\u011f-qara \u00e7ap il\u0259, metal yayla b\u0259rkidilir.<\/p>","protected":false},"featured_media":13465,"comment_status":"closed","ping_status":"closed","template":"","meta":[],"product_brand":[],"product_cat":[58],"product_tag":[],"class_list":{"0":"post-13464","1":"product","2":"type-product","3":"status-publish","4":"has-post-thumbnail","6":"product_cat-metbee","8":"first","9":"instock","10":"shipping-taxable","11":"purchasable","12":"product-type-simple"},"yoast_head":"<!-- This site is optimized with the Yoast SEO plugin v27.4 - https:\/\/yoast.com\/product\/yoast-seo-wordpress\/ -->\n<title>Bloknot \u2013 spiral il\u0259 - Printland<\/title>\n<meta name=\"robots\" content=\"index, follow, max-snippet:-1, max-image-preview:large, max-video-preview:-1\" \/>\n<link rel=\"canonical\" href=\"https:\/\/printland.az\/ru\/shop\/metbee\/bloknot-spiral-il\u0259\/\" \/>\n<meta property=\"og:locale\" content=\"ru_RU\" \/>\n<meta property=\"og:type\" content=\"article\" \/>\n<meta property=\"og:title\" content=\"Bloknot \u2013 spiral il\u0259 - Printland\" \/>\n<meta property=\"og:description\" content=\"Format A4 (297 mm x 210 mm) v\u0259 ya A5 (210 x 148 mm) \u00f6l\u00e7\u00fcs\u00fcnd\u0259, \u00fcz qab\u0131\u011f\u0131 300 qr. ka\u011f\u0131zda, matt v\u0259 ya parlaq laminasiya il\u0259, i\u00e7 ka\u011f\u0131z\u0131 50 v\u0259r\u0259qli, qr. gr offset ka\u011f\u0131z\u0131nda bir\u00fczl\u00fc, iki\u00fczl\u00fc, r\u0259ngli v\u0259 ya a\u011f-qara \u00e7ap il\u0259, metal yayla b\u0259rkidilir.\" \/>\n<meta property=\"og:url\" content=\"https:\/\/printland.az\/ru\/shop\/metbee\/bloknot-spiral-il\u0259\/\" \/>\n<meta property=\"og:site_name\" content=\"Printland\" \/>\n<meta property=\"article:modified_time\" content=\"2024-02-29T15:00:26+00:00\" \/>\n<meta property=\"og:image\" content=\"https:\/\/printland.az\/wp-content\/uploads\/2024\/02\/printland.az_.print-bakuprintng-baku-_1-1-scaled.webp\" \/>\n\t<meta property=\"og:image:width\" content=\"1920\" \/>\n\t<meta property=\"og:image:height\" content=\"2560\" \/>\n\t<meta property=\"og:image:type\" content=\"image\/webp\" \/>\n<meta name=\"twitter:card\" content=\"summary_large_image\" \/>\n<script type=\"application\/ld+json\" class=\"yoast-schema-graph\">{\"@context\":\"https:\\\/\\\/schema.org\",\"@graph\":[{\"@type\":\"WebPage\",\"@id\":\"https:\\\/\\\/printland.az\\\/en\\\/shop\\\/metbee\\\/bloknot-spiral-il%c9%99\\\/\",\"url\":\"https:\\\/\\\/printland.az\\\/en\\\/shop\\\/metbee\\\/bloknot-spiral-il%c9%99\\\/\",\"name\":\"Bloknot \u2013 spiral il\u0259 - Printland\",\"isPartOf\":{\"@id\":\"https:\\\/\\\/printland.az\\\/az\\\/#website\"},\"primaryImageOfPage\":{\"@id\":\"https:\\\/\\\/printland.az\\\/en\\\/shop\\\/metbee\\\/bloknot-spiral-il%c9%99\\\/#primaryimage\"},\"image\":{\"@id\":\"https:\\\/\\\/printland.az\\\/en\\\/shop\\\/metbee\\\/bloknot-spiral-il%c9%99\\\/#primaryimage\"},\"thumbnailUrl\":\"https:\\\/\\\/printland.az\\\/wp-content\\\/uploads\\\/2024\\\/02\\\/printland.az_.print-bakuprintng-baku-_1-1-scaled.webp\",\"datePublished\":\"2024-02-29T12:49:32+00:00\",\"dateModified\":\"2024-02-29T15:00:26+00:00\",\"breadcrumb\":{\"@id\":\"https:\\\/\\\/printland.az\\\/en\\\/shop\\\/metbee\\\/bloknot-spiral-il%c9%99\\\/#breadcrumb\"},\"inLanguage\":\"ru-RU\",\"potentialAction\":[{\"@type\":\"ReadAction\",\"target\":[\"https:\\\/\\\/printland.az\\\/en\\\/shop\\\/metbee\\\/bloknot-spiral-il%c9%99\\\/\"]}]},{\"@type\":\"ImageObject\",\"inLanguage\":\"ru-RU\",\"@id\":\"https:\\\/\\\/printland.az\\\/en\\\/shop\\\/metbee\\\/bloknot-spiral-il%c9%99\\\/#primaryimage\",\"url\":\"https:\\\/\\\/printland.az\\\/wp-content\\\/uploads\\\/2024\\\/02\\\/printland.az_.print-bakuprintng-baku-_1-1-scaled.webp\",\"contentUrl\":\"https:\\\/\\\/printland.az\\\/wp-content\\\/uploads\\\/2024\\\/02\\\/printland.az_.print-bakuprintng-baku-_1-1-scaled.webp\",\"width\":1920,\"height\":2560},{\"@type\":\"BreadcrumbList\",\"@id\":\"https:\\\/\\\/printland.az\\\/en\\\/shop\\\/metbee\\\/bloknot-spiral-il%c9%99\\\/#breadcrumb\",\"itemListElement\":[{\"@type\":\"ListItem\",\"position\":1,\"name\":\"Home\",\"item\":\"https:\\\/\\\/printland.az\\\/az\\\/\"},{\"@type\":\"ListItem\",\"position\":2,\"name\":\"M\u0259hsullar\u0131m\u0131z\",\"item\":\"https:\\\/\\\/printland.az\\\/az\\\/shop\\\/\"},{\"@type\":\"ListItem\",\"position\":3,\"name\":\"Bloknot \u2013 spiral il\u0259\"}]},{\"@type\":\"WebSite\",\"@id\":\"https:\\\/\\\/printland.az\\\/az\\\/#website\",\"url\":\"https:\\\/\\\/printland.az\\\/az\\\/\",\"name\":\"Printland\",\"description\":\"\",\"potentialAction\":[{\"@type\":\"SearchAction\",\"target\":{\"@type\":\"EntryPoint\",\"urlTemplate\":\"https:\\\/\\\/printland.az\\\/az\\\/?s={search_term_string}\"},\"query-input\":{\"@type\":\"PropertyValueSpecification\",\"valueRequired\":true,\"valueName\":\"search_term_string\"}}],\"inLanguage\":\"ru-RU\"}]}<\/script>\n<!-- \/ Yoast SEO plugin. -->","yoast_head_json":{"title":"Bloknot \u2013 spiral il\u0259 - Printland","robots":{"index":"index","follow":"follow","max-snippet":"max-snippet:-1","max-image-preview":"max-image-preview:large","max-video-preview":"max-video-preview:-1"},"canonical":"https:\/\/printland.az\/ru\/shop\/metbee\/bloknot-spiral-il\u0259\/","og_locale":"ru_RU","og_type":"article","og_title":"Bloknot \u2013 spiral il\u0259 - Printland","og_description":"Format A4 (297 mm x 210 mm) v\u0259 ya A5 (210 x 148 mm) \u00f6l\u00e7\u00fcs\u00fcnd\u0259, \u00fcz qab\u0131\u011f\u0131 300 qr. ka\u011f\u0131zda, matt v\u0259 ya parlaq laminasiya il\u0259, i\u00e7 ka\u011f\u0131z\u0131 50 v\u0259r\u0259qli, qr. gr offset ka\u011f\u0131z\u0131nda bir\u00fczl\u00fc, iki\u00fczl\u00fc, r\u0259ngli v\u0259 ya a\u011f-qara \u00e7ap il\u0259, metal yayla b\u0259rkidilir.","og_url":"https:\/\/printland.az\/ru\/shop\/metbee\/bloknot-spiral-il\u0259\/","og_site_name":"Printland","article_modified_time":"2024-02-29T15:00:26+00:00","og_image":[{"width":1920,"height":2560,"url":"https:\/\/printland.az\/wp-content\/uploads\/2024\/02\/printland.az_.print-bakuprintng-baku-_1-1-scaled.webp","type":"image\/webp"}],"twitter_card":"summary_large_image","schema":{"@context":"https:\/\/schema.org","@graph":[{"@type":"WebPage","@id":"https:\/\/printland.az\/en\/shop\/metbee\/bloknot-spiral-il%c9%99\/","url":"https:\/\/printland.az\/en\/shop\/metbee\/bloknot-spiral-il%c9%99\/","name":"Bloknot \u2013 spiral il\u0259 - Printland","isPartOf":{"@id":"https:\/\/printland.az\/az\/#website"},"primaryImageOfPage":{"@id":"https:\/\/printland.az\/en\/shop\/metbee\/bloknot-spiral-il%c9%99\/#primaryimage"},"image":{"@id":"https:\/\/printland.az\/en\/shop\/metbee\/bloknot-spiral-il%c9%99\/#primaryimage"},"thumbnailUrl":"https:\/\/printland.az\/wp-content\/uploads\/2024\/02\/printland.az_.print-bakuprintng-baku-_1-1-scaled.webp","datePublished":"2024-02-29T12:49:32+00:00","dateModified":"2024-02-29T15:00:26+00:00","breadcrumb":{"@id":"https:\/\/printland.az\/en\/shop\/metbee\/bloknot-spiral-il%c9%99\/#breadcrumb"},"inLanguage":"ru-RU","potentialAction":[{"@type":"ReadAction","target":["https:\/\/printland.az\/en\/shop\/metbee\/bloknot-spiral-il%c9%99\/"]}]},{"@type":"ImageObject","inLanguage":"ru-RU","@id":"https:\/\/printland.az\/en\/shop\/metbee\/bloknot-spiral-il%c9%99\/#primaryimage","url":"https:\/\/printland.az\/wp-content\/uploads\/2024\/02\/printland.az_.print-bakuprintng-baku-_1-1-scaled.webp","contentUrl":"https:\/\/printland.az\/wp-content\/uploads\/2024\/02\/printland.az_.print-bakuprintng-baku-_1-1-scaled.webp","width":1920,"height":2560},{"@type":"BreadcrumbList","@id":"https:\/\/printland.az\/en\/shop\/metbee\/bloknot-spiral-il%c9%99\/#breadcrumb","itemListElement":[{"@type":"ListItem","position":1,"name":"Home","item":"https:\/\/printland.az\/az\/"},{"@type":"ListItem","position":2,"name":"M\u0259hsullar\u0131m\u0131z","item":"https:\/\/printland.az\/az\/shop\/"},{"@type":"ListItem","position":3,"name":"Bloknot \u2013 spiral il\u0259"}]},{"@type":"WebSite","@id":"https:\/\/printland.az\/az\/#website","url":"https:\/\/printland.az\/az\/","name":"Printland","description":"","potentialAction":[{"@type":"SearchAction","target":{"@type":"EntryPoint","urlTemplate":"https:\/\/printland.az\/az\/?s={search_term_string}"},"query-input":{"@type":"PropertyValueSpecification","valueRequired":true,"valueName":"search_term_string"}}],"inLanguage":"ru-RU"}]}},"_links":{"self":[{"href":"https:\/\/printland.az\/ru\/wp-json\/wp\/v2\/product\/13464","targetHints":{"allow":["GET"]}}],"collection":[{"href":"https:\/\/printland.az\/ru\/wp-json\/wp\/v2\/product"}],"about":[{"href":"https:\/\/printland.az\/ru\/wp-json\/wp\/v2\/types\/product"}],"replies":[{"embeddable":true,"href":"https:\/\/printland.az\/ru\/wp-json\/wp\/v2\/comments?post=13464"}],"wp:featuredmedia":[{"embeddable":true,"href":"https:\/\/printland.az\/ru\/wp-json\/wp\/v2\/media\/13465"}],"wp:attachment":[{"href":"https:\/\/printland.az\/ru\/wp-json\/wp\/v2\/media?parent=13464"}],"wp:term":[{"taxonomy":"product_brand","embeddable":true,"href":"https:\/\/printland.az\/ru\/wp-json\/wp\/v2\/product_brand?post=13464"},{"taxonomy":"product_cat","embeddable":true,"href":"https:\/\/printland.az\/ru\/wp-json\/wp\/v2\/product_cat?post=13464"},{"taxonomy":"product_tag","embeddable":true,"href":"https:\/\/printland.az\/ru\/wp-json\/wp\/v2\/product_tag?post=13464"}],"curies":[{"name":"wp","href":"https:\/\/api.w.org\/{rel}","templated":true}]}}