{"id":13477,"date":"2024-02-29T12:56:52","date_gmt":"2024-02-29T12:56:52","guid":{"rendered":"https:\/\/gray-koala-420333.hostingersite.com\/?post_type=product&#038;p=13477"},"modified":"2024-02-29T15:00:26","modified_gmt":"2024-02-29T15:00:26","slug":"qeydiyyat-kitabi","status":"publish","type":"product","link":"https:\/\/printland.az\/ru\/shop\/metbee\/qeydiyyat-kitabi\/","title":{"rendered":"\u041a\u0435\u0439\u0434\u0438\u0439\u044f\u0442 \u041a\u0438\u0442\u0430\u0431\u044b"},"content":{"rendered":"<p style=\"font-weight: 400;\">Kitablar \u015firk\u0259tin \u0259m\u0259kda\u015flar\u0131n\u0131n daha rahat \u015f\u0259kild\u0259 qeydiyyat i\u015fl\u0259rini h\u0259yata ke\u00e7irilm\u0259si \u00fc\u00e7\u00fcn istifad\u0259 olunur.<\/p>\n<p style=\"font-weight: 400;\">\u041a\u0435\u0439\u0434\u0438\u0439\u044f\u0442 \u041a\u0438\u0442\u0430\u0431\u044b<\/p>\n<p style=\"font-weight: 400;\">A4 (297 x 210 \u043c\u043c) \u0438\u043b\u0438 A5 (210 x 148 \u043c\u043c),<\/p>\n<p style=\"font-weight: 400;\">\u041a\u0430\u0440\u0442\u043e\u043d\u043d\u0430\u044f \u0443\u043f\u0430\u043a\u043e\u0432\u043a\u0430 \u0438 \u0432\u043a\u0443\u0441\u043d\u0430\u044f \u0435\u0434\u0430, \u0432 \u043a\u043e\u0442\u043e\u0440\u043e\u0439 \u0435\u0441\u0442\u044c \u0432\u0441\u0435 \u043d\u0435\u043e\u0431\u0445\u043e\u0434\u0438\u043c\u043e\u0435, 80 \u043a\u0432\u0430\u0440\u0442\u043e\u0432. \u043a\u043e\u043c\u043f\u0435\u043d\u0441\u0430\u0446\u0438\u044f \u043a\u0430\u0433\u044b\u0437\u0438\u043d\u0434\u0430 \u043e\u043b\u043c\u0430\u043a\u043b\u0430 \u0441\u0430\u043f\u043b\u0430 \u0442\u0438\u043a\u0438\u0448 \u0430\u043f\u0430\u0440\u0430\u0442\u0438 \u0438\u043b\u0438 \u0445\u044e\u0441\u0443\u0441\u0438 \u044e\u0441\u0443\u043b\u043b\u0430 \u0442\u0438\u043a\u0438\u043b\u0438\u0431 \u0445\u0430\u0437\u044b\u0440\u043b\u0430\u043d\u044b\u0440. \u041a\u0438\u0442\u0430\u0431\u043b\u0430\u0440 1, 5, 10, 50 \u043b\u0435\u0442. Saylar \u00fczr\u0259 haz\u0131rlan\u0131r.<\/p>","protected":false},"excerpt":{"rendered":"<p style=\"font-weight: 400;\">Kitablar \u015firk\u0259tin \u0259m\u0259kda\u015flar\u0131n\u0131n daha rahat \u015f\u0259kild\u0259 qeydiyyat i\u015fl\u0259rini h\u0259yata ke\u00e7irilm\u0259si \u00fc\u00e7\u00fcn istifad\u0259 olunur.<\/p>\n<p style=\"font-weight: 400;\">\u041a\u0435\u0439\u0434\u0438\u0439\u044f\u0442 \u041a\u0438\u0442\u0430\u0431\u044b<\/p>\n<p style=\"font-weight: 400;\">A4 (297 x 210 \u043c\u043c) \u0438\u043b\u0438 A5 (210 x 148 \u043c\u043c),<\/p>\n<p style=\"font-weight: 400;\">\u041a\u0430\u0440\u0442\u043e\u043d\u043d\u0430\u044f \u0443\u043f\u0430\u043a\u043e\u0432\u043a\u0430 \u0438 \u0432\u043a\u0443\u0441\u043d\u0430\u044f \u0435\u0434\u0430, \u0432 \u043a\u043e\u0442\u043e\u0440\u043e\u0439 \u0435\u0441\u0442\u044c \u0432\u0441\u0435 \u043d\u0435\u043e\u0431\u0445\u043e\u0434\u0438\u043c\u043e\u0435, 80 \u043a\u0432\u0430\u0440\u0442\u043e\u0432. \u043a\u043e\u043c\u043f\u0435\u043d\u0441\u0430\u0446\u0438\u044f \u043a\u0430\u0433\u044b\u0437\u0438\u043d\u0434\u0430 \u043e\u043b\u043c\u0430\u043a\u043b\u0430 \u0441\u0430\u043f\u043b\u0430 \u0442\u0438\u043a\u0438\u0448 \u0430\u043f\u0430\u0440\u0430\u0442\u0438 \u0438\u043b\u0438 \u0445\u044e\u0441\u0443\u0441\u0438 \u044e\u0441\u0443\u043b\u043b\u0430 \u0442\u0438\u043a\u0438\u043b\u0438\u0431 \u0445\u0430\u0437\u044b\u0440\u043b\u0430\u043d\u044b\u0440. \u041a\u0438\u0442\u0430\u0431\u043b\u0430\u0440 1, 5, 10, 50 \u043b\u0435\u0442. Saylar \u00fczr\u0259 haz\u0131rlan\u0131r.<\/p>","protected":false},"featured_media":13490,"comment_status":"closed","ping_status":"closed","template":"","meta":[],"product_brand":[],"product_cat":[58],"product_tag":[],"class_list":{"0":"post-13477","1":"product","2":"type-product","3":"status-publish","4":"has-post-thumbnail","6":"product_cat-metbee","8":"first","9":"instock","10":"shipping-taxable","11":"purchasable","12":"product-type-simple"},"yoast_head":"<!-- This site is optimized with the Yoast SEO plugin v27.4 - https:\/\/yoast.com\/product\/yoast-seo-wordpress\/ -->\n<title>Qeydiyyat kitab\u0131 - Printland<\/title>\n<meta name=\"robots\" content=\"index, follow, max-snippet:-1, max-image-preview:large, max-video-preview:-1\" \/>\n<link rel=\"canonical\" href=\"https:\/\/printland.az\/ru\/shop\/metbee\/qeydiyyat-kitabi\/\" \/>\n<meta property=\"og:locale\" content=\"ru_RU\" \/>\n<meta property=\"og:type\" content=\"article\" \/>\n<meta property=\"og:title\" content=\"Qeydiyyat kitab\u0131 - Printland\" \/>\n<meta property=\"og:description\" content=\"Kitablar \u015firk\u0259tin \u0259m\u0259kda\u015flar\u0131n\u0131n daha rahat \u015f\u0259kild\u0259 qeydiyyat i\u015fl\u0259rini h\u0259yata ke\u00e7irilm\u0259si \u00fc\u00e7\u00fcn istifad\u0259 olunur. Qeydiyyat kitab\u0131 A4 (297 mm x 210 mm) v\u0259 ya A5 (210 x 148 mm) \u00f6l\u00e7\u00fcs\u00fcnd\u0259, Karton v\u0259 ya yum\u015faq cildl\u0259, i\u00e7 ka\u011f\u0131z\u0131 r\u0259ngli v\u0259 ya a\u011f qara \u00e7ap il\u0259, 80 qr. offset ka\u011f\u0131z\u0131nda olmaqla sapla tiki\u015f aparat\u0131 il\u0259 x\u00fcsusi \u00fcsulla tikilib haz\u0131rlan\u0131r. Kitablar 1, 5, 10, 50 v\u0259 s. saylar \u00fczr\u0259 haz\u0131rlan\u0131r.\" \/>\n<meta property=\"og:url\" content=\"https:\/\/printland.az\/ru\/shop\/metbee\/qeydiyyat-kitabi\/\" \/>\n<meta property=\"og:site_name\" content=\"Printland\" \/>\n<meta property=\"article:modified_time\" content=\"2024-02-29T15:00:26+00:00\" \/>\n<meta property=\"og:image\" content=\"https:\/\/printland.az\/wp-content\/uploads\/2024\/02\/printland.az_.print-bakuprintng-baku-_1-5-scaled.webp\" \/>\n\t<meta property=\"og:image:width\" content=\"1920\" \/>\n\t<meta property=\"og:image:height\" content=\"2560\" \/>\n\t<meta property=\"og:image:type\" content=\"image\/webp\" \/>\n<meta name=\"twitter:card\" content=\"summary_large_image\" \/>\n<script type=\"application\/ld+json\" class=\"yoast-schema-graph\">{\"@context\":\"https:\\\/\\\/schema.org\",\"@graph\":[{\"@type\":\"WebPage\",\"@id\":\"https:\\\/\\\/printland.az\\\/az\\\/shop\\\/metbee\\\/qeydiyyat-kitabi\\\/\",\"url\":\"https:\\\/\\\/printland.az\\\/az\\\/shop\\\/metbee\\\/qeydiyyat-kitabi\\\/\",\"name\":\"Qeydiyyat kitab\u0131 - Printland\",\"isPartOf\":{\"@id\":\"https:\\\/\\\/printland.az\\\/az\\\/#website\"},\"primaryImageOfPage\":{\"@id\":\"https:\\\/\\\/printland.az\\\/az\\\/shop\\\/metbee\\\/qeydiyyat-kitabi\\\/#primaryimage\"},\"image\":{\"@id\":\"https:\\\/\\\/printland.az\\\/az\\\/shop\\\/metbee\\\/qeydiyyat-kitabi\\\/#primaryimage\"},\"thumbnailUrl\":\"https:\\\/\\\/printland.az\\\/wp-content\\\/uploads\\\/2024\\\/02\\\/printland.az_.print-bakuprintng-baku-_1-5-scaled.webp\",\"datePublished\":\"2024-02-29T12:56:52+00:00\",\"dateModified\":\"2024-02-29T15:00:26+00:00\",\"breadcrumb\":{\"@id\":\"https:\\\/\\\/printland.az\\\/az\\\/shop\\\/metbee\\\/qeydiyyat-kitabi\\\/#breadcrumb\"},\"inLanguage\":\"ru-RU\",\"potentialAction\":[{\"@type\":\"ReadAction\",\"target\":[\"https:\\\/\\\/printland.az\\\/az\\\/shop\\\/metbee\\\/qeydiyyat-kitabi\\\/\"]}]},{\"@type\":\"ImageObject\",\"inLanguage\":\"ru-RU\",\"@id\":\"https:\\\/\\\/printland.az\\\/az\\\/shop\\\/metbee\\\/qeydiyyat-kitabi\\\/#primaryimage\",\"url\":\"https:\\\/\\\/printland.az\\\/wp-content\\\/uploads\\\/2024\\\/02\\\/printland.az_.print-bakuprintng-baku-_1-5-scaled.webp\",\"contentUrl\":\"https:\\\/\\\/printland.az\\\/wp-content\\\/uploads\\\/2024\\\/02\\\/printland.az_.print-bakuprintng-baku-_1-5-scaled.webp\",\"width\":1920,\"height\":2560},{\"@type\":\"BreadcrumbList\",\"@id\":\"https:\\\/\\\/printland.az\\\/az\\\/shop\\\/metbee\\\/qeydiyyat-kitabi\\\/#breadcrumb\",\"itemListElement\":[{\"@type\":\"ListItem\",\"position\":1,\"name\":\"Home\",\"item\":\"https:\\\/\\\/printland.az\\\/az\\\/\"},{\"@type\":\"ListItem\",\"position\":2,\"name\":\"M\u0259hsullar\u0131m\u0131z\",\"item\":\"https:\\\/\\\/printland.az\\\/az\\\/shop\\\/\"},{\"@type\":\"ListItem\",\"position\":3,\"name\":\"Qeydiyyat kitab\u0131\"}]},{\"@type\":\"WebSite\",\"@id\":\"https:\\\/\\\/printland.az\\\/az\\\/#website\",\"url\":\"https:\\\/\\\/printland.az\\\/az\\\/\",\"name\":\"Printland\",\"description\":\"\",\"potentialAction\":[{\"@type\":\"SearchAction\",\"target\":{\"@type\":\"EntryPoint\",\"urlTemplate\":\"https:\\\/\\\/printland.az\\\/az\\\/?s={search_term_string}\"},\"query-input\":{\"@type\":\"PropertyValueSpecification\",\"valueRequired\":true,\"valueName\":\"search_term_string\"}}],\"inLanguage\":\"ru-RU\"}]}<\/script>\n<!-- \/ Yoast SEO plugin. -->","yoast_head_json":{"title":"Qeydiyyat kitab\u0131 - Printland","robots":{"index":"index","follow":"follow","max-snippet":"max-snippet:-1","max-image-preview":"max-image-preview:large","max-video-preview":"max-video-preview:-1"},"canonical":"https:\/\/printland.az\/ru\/shop\/metbee\/qeydiyyat-kitabi\/","og_locale":"ru_RU","og_type":"article","og_title":"Qeydiyyat kitab\u0131 - Printland","og_description":"Kitablar \u015firk\u0259tin \u0259m\u0259kda\u015flar\u0131n\u0131n daha rahat \u015f\u0259kild\u0259 qeydiyyat i\u015fl\u0259rini h\u0259yata ke\u00e7irilm\u0259si \u00fc\u00e7\u00fcn istifad\u0259 olunur. Qeydiyyat kitab\u0131 A4 (297 mm x 210 mm) v\u0259 ya A5 (210 x 148 mm) \u00f6l\u00e7\u00fcs\u00fcnd\u0259, Karton v\u0259 ya yum\u015faq cildl\u0259, i\u00e7 ka\u011f\u0131z\u0131 r\u0259ngli v\u0259 ya a\u011f qara \u00e7ap il\u0259, 80 qr. offset ka\u011f\u0131z\u0131nda olmaqla sapla tiki\u015f aparat\u0131 il\u0259 x\u00fcsusi \u00fcsulla tikilib haz\u0131rlan\u0131r. Kitablar 1, 5, 10, 50 v\u0259 s. saylar \u00fczr\u0259 haz\u0131rlan\u0131r.","og_url":"https:\/\/printland.az\/ru\/shop\/metbee\/qeydiyyat-kitabi\/","og_site_name":"Printland","article_modified_time":"2024-02-29T15:00:26+00:00","og_image":[{"width":1920,"height":2560,"url":"https:\/\/printland.az\/wp-content\/uploads\/2024\/02\/printland.az_.print-bakuprintng-baku-_1-5-scaled.webp","type":"image\/webp"}],"twitter_card":"summary_large_image","schema":{"@context":"https:\/\/schema.org","@graph":[{"@type":"WebPage","@id":"https:\/\/printland.az\/az\/shop\/metbee\/qeydiyyat-kitabi\/","url":"https:\/\/printland.az\/az\/shop\/metbee\/qeydiyyat-kitabi\/","name":"Qeydiyyat kitab\u0131 - Printland","isPartOf":{"@id":"https:\/\/printland.az\/az\/#website"},"primaryImageOfPage":{"@id":"https:\/\/printland.az\/az\/shop\/metbee\/qeydiyyat-kitabi\/#primaryimage"},"image":{"@id":"https:\/\/printland.az\/az\/shop\/metbee\/qeydiyyat-kitabi\/#primaryimage"},"thumbnailUrl":"https:\/\/printland.az\/wp-content\/uploads\/2024\/02\/printland.az_.print-bakuprintng-baku-_1-5-scaled.webp","datePublished":"2024-02-29T12:56:52+00:00","dateModified":"2024-02-29T15:00:26+00:00","breadcrumb":{"@id":"https:\/\/printland.az\/az\/shop\/metbee\/qeydiyyat-kitabi\/#breadcrumb"},"inLanguage":"ru-RU","potentialAction":[{"@type":"ReadAction","target":["https:\/\/printland.az\/az\/shop\/metbee\/qeydiyyat-kitabi\/"]}]},{"@type":"ImageObject","inLanguage":"ru-RU","@id":"https:\/\/printland.az\/az\/shop\/metbee\/qeydiyyat-kitabi\/#primaryimage","url":"https:\/\/printland.az\/wp-content\/uploads\/2024\/02\/printland.az_.print-bakuprintng-baku-_1-5-scaled.webp","contentUrl":"https:\/\/printland.az\/wp-content\/uploads\/2024\/02\/printland.az_.print-bakuprintng-baku-_1-5-scaled.webp","width":1920,"height":2560},{"@type":"BreadcrumbList","@id":"https:\/\/printland.az\/az\/shop\/metbee\/qeydiyyat-kitabi\/#breadcrumb","itemListElement":[{"@type":"ListItem","position":1,"name":"Home","item":"https:\/\/printland.az\/az\/"},{"@type":"ListItem","position":2,"name":"M\u0259hsullar\u0131m\u0131z","item":"https:\/\/printland.az\/az\/shop\/"},{"@type":"ListItem","position":3,"name":"Qeydiyyat kitab\u0131"}]},{"@type":"WebSite","@id":"https:\/\/printland.az\/az\/#website","url":"https:\/\/printland.az\/az\/","name":"Printland","description":"","potentialAction":[{"@type":"SearchAction","target":{"@type":"EntryPoint","urlTemplate":"https:\/\/printland.az\/az\/?s={search_term_string}"},"query-input":{"@type":"PropertyValueSpecification","valueRequired":true,"valueName":"search_term_string"}}],"inLanguage":"ru-RU"}]}},"_links":{"self":[{"href":"https:\/\/printland.az\/ru\/wp-json\/wp\/v2\/product\/13477","targetHints":{"allow":["GET"]}}],"collection":[{"href":"https:\/\/printland.az\/ru\/wp-json\/wp\/v2\/product"}],"about":[{"href":"https:\/\/printland.az\/ru\/wp-json\/wp\/v2\/types\/product"}],"replies":[{"embeddable":true,"href":"https:\/\/printland.az\/ru\/wp-json\/wp\/v2\/comments?post=13477"}],"wp:featuredmedia":[{"embeddable":true,"href":"https:\/\/printland.az\/ru\/wp-json\/wp\/v2\/media\/13490"}],"wp:attachment":[{"href":"https:\/\/printland.az\/ru\/wp-json\/wp\/v2\/media?parent=13477"}],"wp:term":[{"taxonomy":"product_brand","embeddable":true,"href":"https:\/\/printland.az\/ru\/wp-json\/wp\/v2\/product_brand?post=13477"},{"taxonomy":"product_cat","embeddable":true,"href":"https:\/\/printland.az\/ru\/wp-json\/wp\/v2\/product_cat?post=13477"},{"taxonomy":"product_tag","embeddable":true,"href":"https:\/\/printland.az\/ru\/wp-json\/wp\/v2\/product_tag?post=13477"}],"curies":[{"name":"wp","href":"https:\/\/api.w.org\/{rel}","templated":true}]}}