{"id":13508,"date":"2024-02-29T13:05:22","date_gmt":"2024-02-29T13:05:22","guid":{"rendered":"https:\/\/gray-koala-420333.hostingersite.com\/?post_type=product&#038;p=13508"},"modified":"2024-02-29T15:00:26","modified_gmt":"2024-02-29T15:00:26","slug":"t%c9%99qvim-divar-ucun","status":"publish","type":"product","link":"https:\/\/printland.az\/ru\/shop\/metbee\/t%c9%99qvim-divar-ucun\/","title":{"rendered":"T\u0259qvim divar \u00fc\u00e7\u00fcn"},"content":{"rendered":"<p style=\"font-weight: 400;\">T\u0259qvim divar \u00fc\u00e7\u00fcn<\/p>\n<p><span style=\"font-weight: 400;\">A2, A3, A4 v\u0259 s. \u00f6l\u00e7\u00fcl\u0259rd\u0259, bir ne\u00e7\u0259 hiss\u0259d\u0259n ibar\u0259t, r\u0259ngli \u00e7ap olunur, ist\u0259y\u0259 uy\u011fun laminasiya etm\u0259k d\u0259 m\u00fcmk\u00fcnd\u00fcr<\/span><\/p>","protected":false},"excerpt":{"rendered":"<p style=\"font-weight: 400;\">T\u0259qvim divar \u00fc\u00e7\u00fcn<\/p>\n<p><span style=\"font-weight: 400;\">A2, A3, A4 v\u0259 s. \u00f6l\u00e7\u00fcl\u0259rd\u0259, bir ne\u00e7\u0259 hiss\u0259d\u0259n ibar\u0259t, r\u0259ngli \u00e7ap olunur, ist\u0259y\u0259 uy\u011fun laminasiya etm\u0259k d\u0259 m\u00fcmk\u00fcnd\u00fcr<\/span><\/p>","protected":false},"featured_media":13512,"comment_status":"closed","ping_status":"closed","template":"","meta":[],"product_brand":[],"product_cat":[58],"product_tag":[],"class_list":{"0":"post-13508","1":"product","2":"type-product","3":"status-publish","4":"has-post-thumbnail","6":"product_cat-metbee","8":"first","9":"instock","10":"shipping-taxable","11":"purchasable","12":"product-type-simple"},"yoast_head":"<!-- This site is optimized with the Yoast SEO plugin v27.4 - https:\/\/yoast.com\/product\/yoast-seo-wordpress\/ -->\n<title>T\u0259qvim divar \u00fc\u00e7\u00fcn - Printland<\/title>\n<meta name=\"robots\" content=\"index, follow, max-snippet:-1, max-image-preview:large, max-video-preview:-1\" \/>\n<link rel=\"canonical\" href=\"https:\/\/printland.az\/ru\/shop\/metbee\/t\u0259qvim-divar-ucun\/\" \/>\n<meta property=\"og:locale\" content=\"ru_RU\" \/>\n<meta property=\"og:type\" content=\"article\" \/>\n<meta property=\"og:title\" content=\"T\u0259qvim divar \u00fc\u00e7\u00fcn - Printland\" \/>\n<meta property=\"og:description\" content=\"T\u0259qvim divar \u00fc\u00e7\u00fcn A2, A3, A4 v\u0259 s. \u00f6l\u00e7\u00fcl\u0259rd\u0259, bir ne\u00e7\u0259 hiss\u0259d\u0259n ibar\u0259t, r\u0259ngli \u00e7ap olunur, ist\u0259y\u0259 uy\u011fun laminasiya etm\u0259k d\u0259 m\u00fcmk\u00fcnd\u00fcr\" \/>\n<meta property=\"og:url\" content=\"https:\/\/printland.az\/ru\/shop\/metbee\/t\u0259qvim-divar-ucun\/\" \/>\n<meta property=\"og:site_name\" content=\"Printland\" \/>\n<meta property=\"article:modified_time\" content=\"2024-02-29T15:00:26+00:00\" \/>\n<meta property=\"og:image\" content=\"https:\/\/printland.az\/wp-content\/uploads\/2024\/02\/printland.az_.print-bakuprintng-baku-_1-7-scaled.webp\" \/>\n\t<meta property=\"og:image:width\" content=\"1920\" \/>\n\t<meta property=\"og:image:height\" content=\"2560\" \/>\n\t<meta property=\"og:image:type\" content=\"image\/webp\" \/>\n<meta name=\"twitter:card\" content=\"summary_large_image\" \/>\n<script type=\"application\/ld+json\" class=\"yoast-schema-graph\">{\"@context\":\"https:\\\/\\\/schema.org\",\"@graph\":[{\"@type\":\"WebPage\",\"@id\":\"https:\\\/\\\/printland.az\\\/az\\\/shop\\\/metbee\\\/t%c9%99qvim-divar-ucun\\\/\",\"url\":\"https:\\\/\\\/printland.az\\\/az\\\/shop\\\/metbee\\\/t%c9%99qvim-divar-ucun\\\/\",\"name\":\"T\u0259qvim divar \u00fc\u00e7\u00fcn - Printland\",\"isPartOf\":{\"@id\":\"https:\\\/\\\/printland.az\\\/az\\\/#website\"},\"primaryImageOfPage\":{\"@id\":\"https:\\\/\\\/printland.az\\\/az\\\/shop\\\/metbee\\\/t%c9%99qvim-divar-ucun\\\/#primaryimage\"},\"image\":{\"@id\":\"https:\\\/\\\/printland.az\\\/az\\\/shop\\\/metbee\\\/t%c9%99qvim-divar-ucun\\\/#primaryimage\"},\"thumbnailUrl\":\"https:\\\/\\\/printland.az\\\/wp-content\\\/uploads\\\/2024\\\/02\\\/printland.az_.print-bakuprintng-baku-_1-7-scaled.webp\",\"datePublished\":\"2024-02-29T13:05:22+00:00\",\"dateModified\":\"2024-02-29T15:00:26+00:00\",\"breadcrumb\":{\"@id\":\"https:\\\/\\\/printland.az\\\/az\\\/shop\\\/metbee\\\/t%c9%99qvim-divar-ucun\\\/#breadcrumb\"},\"inLanguage\":\"ru-RU\",\"potentialAction\":[{\"@type\":\"ReadAction\",\"target\":[\"https:\\\/\\\/printland.az\\\/az\\\/shop\\\/metbee\\\/t%c9%99qvim-divar-ucun\\\/\"]}]},{\"@type\":\"ImageObject\",\"inLanguage\":\"ru-RU\",\"@id\":\"https:\\\/\\\/printland.az\\\/az\\\/shop\\\/metbee\\\/t%c9%99qvim-divar-ucun\\\/#primaryimage\",\"url\":\"https:\\\/\\\/printland.az\\\/wp-content\\\/uploads\\\/2024\\\/02\\\/printland.az_.print-bakuprintng-baku-_1-7-scaled.webp\",\"contentUrl\":\"https:\\\/\\\/printland.az\\\/wp-content\\\/uploads\\\/2024\\\/02\\\/printland.az_.print-bakuprintng-baku-_1-7-scaled.webp\",\"width\":1920,\"height\":2560},{\"@type\":\"BreadcrumbList\",\"@id\":\"https:\\\/\\\/printland.az\\\/az\\\/shop\\\/metbee\\\/t%c9%99qvim-divar-ucun\\\/#breadcrumb\",\"itemListElement\":[{\"@type\":\"ListItem\",\"position\":1,\"name\":\"Home\",\"item\":\"https:\\\/\\\/printland.az\\\/az\\\/\"},{\"@type\":\"ListItem\",\"position\":2,\"name\":\"M\u0259hsullar\u0131m\u0131z\",\"item\":\"https:\\\/\\\/printland.az\\\/az\\\/shop\\\/\"},{\"@type\":\"ListItem\",\"position\":3,\"name\":\"T\u0259qvim divar \u00fc\u00e7\u00fcn\"}]},{\"@type\":\"WebSite\",\"@id\":\"https:\\\/\\\/printland.az\\\/az\\\/#website\",\"url\":\"https:\\\/\\\/printland.az\\\/az\\\/\",\"name\":\"Printland\",\"description\":\"\",\"potentialAction\":[{\"@type\":\"SearchAction\",\"target\":{\"@type\":\"EntryPoint\",\"urlTemplate\":\"https:\\\/\\\/printland.az\\\/az\\\/?s={search_term_string}\"},\"query-input\":{\"@type\":\"PropertyValueSpecification\",\"valueRequired\":true,\"valueName\":\"search_term_string\"}}],\"inLanguage\":\"ru-RU\"}]}<\/script>\n<!-- \/ Yoast SEO plugin. -->","yoast_head_json":{"title":"T\u0259qvim divar \u00fc\u00e7\u00fcn - Printland","robots":{"index":"index","follow":"follow","max-snippet":"max-snippet:-1","max-image-preview":"max-image-preview:large","max-video-preview":"max-video-preview:-1"},"canonical":"https:\/\/printland.az\/ru\/shop\/metbee\/t\u0259qvim-divar-ucun\/","og_locale":"ru_RU","og_type":"article","og_title":"T\u0259qvim divar \u00fc\u00e7\u00fcn - Printland","og_description":"T\u0259qvim divar \u00fc\u00e7\u00fcn A2, A3, A4 v\u0259 s. \u00f6l\u00e7\u00fcl\u0259rd\u0259, bir ne\u00e7\u0259 hiss\u0259d\u0259n ibar\u0259t, r\u0259ngli \u00e7ap olunur, ist\u0259y\u0259 uy\u011fun laminasiya etm\u0259k d\u0259 m\u00fcmk\u00fcnd\u00fcr","og_url":"https:\/\/printland.az\/ru\/shop\/metbee\/t\u0259qvim-divar-ucun\/","og_site_name":"Printland","article_modified_time":"2024-02-29T15:00:26+00:00","og_image":[{"width":1920,"height":2560,"url":"https:\/\/printland.az\/wp-content\/uploads\/2024\/02\/printland.az_.print-bakuprintng-baku-_1-7-scaled.webp","type":"image\/webp"}],"twitter_card":"summary_large_image","schema":{"@context":"https:\/\/schema.org","@graph":[{"@type":"WebPage","@id":"https:\/\/printland.az\/az\/shop\/metbee\/t%c9%99qvim-divar-ucun\/","url":"https:\/\/printland.az\/az\/shop\/metbee\/t%c9%99qvim-divar-ucun\/","name":"T\u0259qvim divar \u00fc\u00e7\u00fcn - Printland","isPartOf":{"@id":"https:\/\/printland.az\/az\/#website"},"primaryImageOfPage":{"@id":"https:\/\/printland.az\/az\/shop\/metbee\/t%c9%99qvim-divar-ucun\/#primaryimage"},"image":{"@id":"https:\/\/printland.az\/az\/shop\/metbee\/t%c9%99qvim-divar-ucun\/#primaryimage"},"thumbnailUrl":"https:\/\/printland.az\/wp-content\/uploads\/2024\/02\/printland.az_.print-bakuprintng-baku-_1-7-scaled.webp","datePublished":"2024-02-29T13:05:22+00:00","dateModified":"2024-02-29T15:00:26+00:00","breadcrumb":{"@id":"https:\/\/printland.az\/az\/shop\/metbee\/t%c9%99qvim-divar-ucun\/#breadcrumb"},"inLanguage":"ru-RU","potentialAction":[{"@type":"ReadAction","target":["https:\/\/printland.az\/az\/shop\/metbee\/t%c9%99qvim-divar-ucun\/"]}]},{"@type":"ImageObject","inLanguage":"ru-RU","@id":"https:\/\/printland.az\/az\/shop\/metbee\/t%c9%99qvim-divar-ucun\/#primaryimage","url":"https:\/\/printland.az\/wp-content\/uploads\/2024\/02\/printland.az_.print-bakuprintng-baku-_1-7-scaled.webp","contentUrl":"https:\/\/printland.az\/wp-content\/uploads\/2024\/02\/printland.az_.print-bakuprintng-baku-_1-7-scaled.webp","width":1920,"height":2560},{"@type":"BreadcrumbList","@id":"https:\/\/printland.az\/az\/shop\/metbee\/t%c9%99qvim-divar-ucun\/#breadcrumb","itemListElement":[{"@type":"ListItem","position":1,"name":"Home","item":"https:\/\/printland.az\/az\/"},{"@type":"ListItem","position":2,"name":"M\u0259hsullar\u0131m\u0131z","item":"https:\/\/printland.az\/az\/shop\/"},{"@type":"ListItem","position":3,"name":"T\u0259qvim divar \u00fc\u00e7\u00fcn"}]},{"@type":"WebSite","@id":"https:\/\/printland.az\/az\/#website","url":"https:\/\/printland.az\/az\/","name":"Printland","description":"","potentialAction":[{"@type":"SearchAction","target":{"@type":"EntryPoint","urlTemplate":"https:\/\/printland.az\/az\/?s={search_term_string}"},"query-input":{"@type":"PropertyValueSpecification","valueRequired":true,"valueName":"search_term_string"}}],"inLanguage":"ru-RU"}]}},"_links":{"self":[{"href":"https:\/\/printland.az\/ru\/wp-json\/wp\/v2\/product\/13508","targetHints":{"allow":["GET"]}}],"collection":[{"href":"https:\/\/printland.az\/ru\/wp-json\/wp\/v2\/product"}],"about":[{"href":"https:\/\/printland.az\/ru\/wp-json\/wp\/v2\/types\/product"}],"replies":[{"embeddable":true,"href":"https:\/\/printland.az\/ru\/wp-json\/wp\/v2\/comments?post=13508"}],"wp:featuredmedia":[{"embeddable":true,"href":"https:\/\/printland.az\/ru\/wp-json\/wp\/v2\/media\/13512"}],"wp:attachment":[{"href":"https:\/\/printland.az\/ru\/wp-json\/wp\/v2\/media?parent=13508"}],"wp:term":[{"taxonomy":"product_brand","embeddable":true,"href":"https:\/\/printland.az\/ru\/wp-json\/wp\/v2\/product_brand?post=13508"},{"taxonomy":"product_cat","embeddable":true,"href":"https:\/\/printland.az\/ru\/wp-json\/wp\/v2\/product_cat?post=13508"},{"taxonomy":"product_tag","embeddable":true,"href":"https:\/\/printland.az\/ru\/wp-json\/wp\/v2\/product_tag?post=13508"}],"curies":[{"name":"wp","href":"https:\/\/api.w.org\/{rel}","templated":true}]}}