{"id":13529,"date":"2024-02-29T13:29:05","date_gmt":"2024-02-29T13:29:05","guid":{"rendered":"https:\/\/gray-koala-420333.hostingersite.com\/?post_type=product&#038;p=13529"},"modified":"2024-03-09T13:40:02","modified_gmt":"2024-03-09T13:40:02","slug":"aciqca","status":"publish","type":"product","link":"https:\/\/printland.az\/ru\/shop\/metbee\/aciqca\/","title":{"rendered":"\u0410\u0447\u0438\u043a\u0447\u0430"},"content":{"rendered":"<div><span lang=\"AZ-LATIN\">A\u00e7\u0131qca h\u0259r hans\u0131 bir t\u0259dbir, ad g\u00fcn\u00fc v\u0259 s. il\u0259 \u0259laq\u0259dar olaraq f\u0259rdi v\u0259 ya sirk\u0259t t\u0259r\u0259find\u0259n corporativ qaydada t\u0259brik etm\u0259k \u00fc\u00e7\u00fcn haz\u0131rlanan m\u0259hsuldur. A\u00e7\u0131qcan\u0131n n\u00f6vl\u0259ri daha \u00e7ox oldu\u011fundan, \u0444\u043e\u0440\u043c\u0430\u043b\u044c\u043d\u043e\u0435 il\u0259 daha yax\u0131ndan tan\u0131\u015f olmaq \u00fc\u00e7\u00fcn ofisimiz\u0259 yax\u0131nla\u015f\u0131b \u0259trafl\u0131 m\u0259lumat \u0259ld\u0259 ed\u0259 bil\u0259rsiniz<\/span><\/div>","protected":false},"excerpt":{"rendered":"<div><span lang=\"AZ-LATIN\">A\u00e7\u0131qca h\u0259r hans\u0131 bir t\u0259dbir, ad g\u00fcn\u00fc v\u0259 s. il\u0259 \u0259laq\u0259dar olaraq f\u0259rdi v\u0259 ya sirk\u0259t t\u0259r\u0259find\u0259n corporativ qaydada t\u0259brik etm\u0259k \u00fc\u00e7\u00fcn haz\u0131rlanan m\u0259hsuldur. A\u00e7\u0131qcan\u0131n n\u00f6vl\u0259ri daha \u00e7ox oldu\u011fundan, \u0444\u043e\u0440\u043c\u0430\u043b\u044c\u043d\u043e\u0435 il\u0259 daha yax\u0131ndan tan\u0131\u015f olmaq \u00fc\u00e7\u00fcn ofisimiz\u0259 yax\u0131nla\u015f\u0131b \u0259trafl\u0131 m\u0259lumat \u0259ld\u0259 ed\u0259 bil\u0259rsiniz<\/span><\/div>","protected":false},"featured_media":13562,"comment_status":"closed","ping_status":"closed","template":"","meta":[],"product_brand":[],"product_cat":[58],"product_tag":[],"class_list":{"0":"post-13529","1":"product","2":"type-product","3":"status-publish","4":"has-post-thumbnail","6":"product_cat-metbee","8":"first","9":"instock","10":"shipping-taxable","11":"purchasable","12":"product-type-simple"},"yoast_head":"<!-- This site is optimized with the Yoast SEO plugin v27.4 - https:\/\/yoast.com\/product\/yoast-seo-wordpress\/ -->\n<title>A\u00e7\u0131qca - Printland<\/title>\n<meta name=\"robots\" content=\"index, follow, max-snippet:-1, max-image-preview:large, max-video-preview:-1\" \/>\n<link rel=\"canonical\" href=\"https:\/\/printland.az\/ru\/shop\/metbee\/aciqca\/\" \/>\n<meta property=\"og:locale\" content=\"ru_RU\" \/>\n<meta property=\"og:type\" content=\"article\" \/>\n<meta property=\"og:title\" content=\"A\u00e7\u0131qca - Printland\" \/>\n<meta property=\"og:description\" content=\"A\u00e7\u0131qca h\u0259r hans\u0131 bir t\u0259dbir, ad g\u00fcn\u00fc v\u0259 s. il\u0259 \u0259laq\u0259dar olaraq f\u0259rdi v\u0259 ya \u015firk\u0259t t\u0259r\u0259find\u0259n korporativ qaydada t\u0259brik etm\u0259k \u00fc\u00e7\u00fcn haz\u0131rlanan m\u0259hsuldur. A\u00e7\u0131qcan\u0131n n\u00f6vl\u0259ri daha \u00e7ox oldu\u011fundan, formalar\u0131 il\u0259 daha yax\u0131ndan tan\u0131\u015f olmaq \u00fc\u00e7\u00fcn ofisimiz\u0259 yax\u0131nla\u015f\u0131b \u0259trafl\u0131 m\u0259lumat \u0259ld\u0259 ed\u0259 bil\u0259rsiniz\" \/>\n<meta property=\"og:url\" content=\"https:\/\/printland.az\/ru\/shop\/metbee\/aciqca\/\" \/>\n<meta property=\"og:site_name\" content=\"Printland\" \/>\n<meta property=\"article:modified_time\" content=\"2024-03-09T13:40:02+00:00\" \/>\n<meta property=\"og:image\" content=\"https:\/\/printland.az\/wp-content\/uploads\/2024\/02\/printland.az_.print-bakuprintng-baku-96-scaled.webp\" \/>\n\t<meta property=\"og:image:width\" content=\"1920\" \/>\n\t<meta property=\"og:image:height\" content=\"2560\" \/>\n\t<meta property=\"og:image:type\" content=\"image\/webp\" \/>\n<meta name=\"twitter:card\" content=\"summary_large_image\" \/>\n<script type=\"application\/ld+json\" class=\"yoast-schema-graph\">{\"@context\":\"https:\\\/\\\/schema.org\",\"@graph\":[{\"@type\":\"WebPage\",\"@id\":\"https:\\\/\\\/printland.az\\\/en\\\/shop\\\/metbee\\\/aciqca\\\/\",\"url\":\"https:\\\/\\\/printland.az\\\/en\\\/shop\\\/metbee\\\/aciqca\\\/\",\"name\":\"A\u00e7\u0131qca - Printland\",\"isPartOf\":{\"@id\":\"https:\\\/\\\/printland.az\\\/az\\\/#website\"},\"primaryImageOfPage\":{\"@id\":\"https:\\\/\\\/printland.az\\\/en\\\/shop\\\/metbee\\\/aciqca\\\/#primaryimage\"},\"image\":{\"@id\":\"https:\\\/\\\/printland.az\\\/en\\\/shop\\\/metbee\\\/aciqca\\\/#primaryimage\"},\"thumbnailUrl\":\"https:\\\/\\\/printland.az\\\/wp-content\\\/uploads\\\/2024\\\/02\\\/printland.az_.print-bakuprintng-baku-96-scaled.webp\",\"datePublished\":\"2024-02-29T13:29:05+00:00\",\"dateModified\":\"2024-03-09T13:40:02+00:00\",\"breadcrumb\":{\"@id\":\"https:\\\/\\\/printland.az\\\/en\\\/shop\\\/metbee\\\/aciqca\\\/#breadcrumb\"},\"inLanguage\":\"ru-RU\",\"potentialAction\":[{\"@type\":\"ReadAction\",\"target\":[\"https:\\\/\\\/printland.az\\\/en\\\/shop\\\/metbee\\\/aciqca\\\/\"]}]},{\"@type\":\"ImageObject\",\"inLanguage\":\"ru-RU\",\"@id\":\"https:\\\/\\\/printland.az\\\/en\\\/shop\\\/metbee\\\/aciqca\\\/#primaryimage\",\"url\":\"https:\\\/\\\/printland.az\\\/wp-content\\\/uploads\\\/2024\\\/02\\\/printland.az_.print-bakuprintng-baku-96-scaled.webp\",\"contentUrl\":\"https:\\\/\\\/printland.az\\\/wp-content\\\/uploads\\\/2024\\\/02\\\/printland.az_.print-bakuprintng-baku-96-scaled.webp\",\"width\":1920,\"height\":2560},{\"@type\":\"BreadcrumbList\",\"@id\":\"https:\\\/\\\/printland.az\\\/en\\\/shop\\\/metbee\\\/aciqca\\\/#breadcrumb\",\"itemListElement\":[{\"@type\":\"ListItem\",\"position\":1,\"name\":\"Home\",\"item\":\"https:\\\/\\\/printland.az\\\/az\\\/\"},{\"@type\":\"ListItem\",\"position\":2,\"name\":\"M\u0259hsullar\u0131m\u0131z\",\"item\":\"https:\\\/\\\/printland.az\\\/az\\\/shop\\\/\"},{\"@type\":\"ListItem\",\"position\":3,\"name\":\"A\u00e7\u0131qca\"}]},{\"@type\":\"WebSite\",\"@id\":\"https:\\\/\\\/printland.az\\\/az\\\/#website\",\"url\":\"https:\\\/\\\/printland.az\\\/az\\\/\",\"name\":\"Printland\",\"description\":\"\",\"potentialAction\":[{\"@type\":\"SearchAction\",\"target\":{\"@type\":\"EntryPoint\",\"urlTemplate\":\"https:\\\/\\\/printland.az\\\/az\\\/?s={search_term_string}\"},\"query-input\":{\"@type\":\"PropertyValueSpecification\",\"valueRequired\":true,\"valueName\":\"search_term_string\"}}],\"inLanguage\":\"ru-RU\"}]}<\/script>\n<!-- \/ Yoast SEO plugin. -->","yoast_head_json":{"title":"A\u00e7\u0131qca - Printland","robots":{"index":"index","follow":"follow","max-snippet":"max-snippet:-1","max-image-preview":"max-image-preview:large","max-video-preview":"max-video-preview:-1"},"canonical":"https:\/\/printland.az\/ru\/shop\/metbee\/aciqca\/","og_locale":"ru_RU","og_type":"article","og_title":"A\u00e7\u0131qca - Printland","og_description":"A\u00e7\u0131qca h\u0259r hans\u0131 bir t\u0259dbir, ad g\u00fcn\u00fc v\u0259 s. il\u0259 \u0259laq\u0259dar olaraq f\u0259rdi v\u0259 ya \u015firk\u0259t t\u0259r\u0259find\u0259n korporativ qaydada t\u0259brik etm\u0259k \u00fc\u00e7\u00fcn haz\u0131rlanan m\u0259hsuldur. A\u00e7\u0131qcan\u0131n n\u00f6vl\u0259ri daha \u00e7ox oldu\u011fundan, formalar\u0131 il\u0259 daha yax\u0131ndan tan\u0131\u015f olmaq \u00fc\u00e7\u00fcn ofisimiz\u0259 yax\u0131nla\u015f\u0131b \u0259trafl\u0131 m\u0259lumat \u0259ld\u0259 ed\u0259 bil\u0259rsiniz","og_url":"https:\/\/printland.az\/ru\/shop\/metbee\/aciqca\/","og_site_name":"Printland","article_modified_time":"2024-03-09T13:40:02+00:00","og_image":[{"width":1920,"height":2560,"url":"https:\/\/printland.az\/wp-content\/uploads\/2024\/02\/printland.az_.print-bakuprintng-baku-96-scaled.webp","type":"image\/webp"}],"twitter_card":"summary_large_image","schema":{"@context":"https:\/\/schema.org","@graph":[{"@type":"WebPage","@id":"https:\/\/printland.az\/en\/shop\/metbee\/aciqca\/","url":"https:\/\/printland.az\/en\/shop\/metbee\/aciqca\/","name":"A\u00e7\u0131qca - Printland","isPartOf":{"@id":"https:\/\/printland.az\/az\/#website"},"primaryImageOfPage":{"@id":"https:\/\/printland.az\/en\/shop\/metbee\/aciqca\/#primaryimage"},"image":{"@id":"https:\/\/printland.az\/en\/shop\/metbee\/aciqca\/#primaryimage"},"thumbnailUrl":"https:\/\/printland.az\/wp-content\/uploads\/2024\/02\/printland.az_.print-bakuprintng-baku-96-scaled.webp","datePublished":"2024-02-29T13:29:05+00:00","dateModified":"2024-03-09T13:40:02+00:00","breadcrumb":{"@id":"https:\/\/printland.az\/en\/shop\/metbee\/aciqca\/#breadcrumb"},"inLanguage":"ru-RU","potentialAction":[{"@type":"ReadAction","target":["https:\/\/printland.az\/en\/shop\/metbee\/aciqca\/"]}]},{"@type":"ImageObject","inLanguage":"ru-RU","@id":"https:\/\/printland.az\/en\/shop\/metbee\/aciqca\/#primaryimage","url":"https:\/\/printland.az\/wp-content\/uploads\/2024\/02\/printland.az_.print-bakuprintng-baku-96-scaled.webp","contentUrl":"https:\/\/printland.az\/wp-content\/uploads\/2024\/02\/printland.az_.print-bakuprintng-baku-96-scaled.webp","width":1920,"height":2560},{"@type":"BreadcrumbList","@id":"https:\/\/printland.az\/en\/shop\/metbee\/aciqca\/#breadcrumb","itemListElement":[{"@type":"ListItem","position":1,"name":"Home","item":"https:\/\/printland.az\/az\/"},{"@type":"ListItem","position":2,"name":"M\u0259hsullar\u0131m\u0131z","item":"https:\/\/printland.az\/az\/shop\/"},{"@type":"ListItem","position":3,"name":"A\u00e7\u0131qca"}]},{"@type":"WebSite","@id":"https:\/\/printland.az\/az\/#website","url":"https:\/\/printland.az\/az\/","name":"Printland","description":"","potentialAction":[{"@type":"SearchAction","target":{"@type":"EntryPoint","urlTemplate":"https:\/\/printland.az\/az\/?s={search_term_string}"},"query-input":{"@type":"PropertyValueSpecification","valueRequired":true,"valueName":"search_term_string"}}],"inLanguage":"ru-RU"}]}},"_links":{"self":[{"href":"https:\/\/printland.az\/ru\/wp-json\/wp\/v2\/product\/13529","targetHints":{"allow":["GET"]}}],"collection":[{"href":"https:\/\/printland.az\/ru\/wp-json\/wp\/v2\/product"}],"about":[{"href":"https:\/\/printland.az\/ru\/wp-json\/wp\/v2\/types\/product"}],"replies":[{"embeddable":true,"href":"https:\/\/printland.az\/ru\/wp-json\/wp\/v2\/comments?post=13529"}],"wp:featuredmedia":[{"embeddable":true,"href":"https:\/\/printland.az\/ru\/wp-json\/wp\/v2\/media\/13562"}],"wp:attachment":[{"href":"https:\/\/printland.az\/ru\/wp-json\/wp\/v2\/media?parent=13529"}],"wp:term":[{"taxonomy":"product_brand","embeddable":true,"href":"https:\/\/printland.az\/ru\/wp-json\/wp\/v2\/product_brand?post=13529"},{"taxonomy":"product_cat","embeddable":true,"href":"https:\/\/printland.az\/ru\/wp-json\/wp\/v2\/product_cat?post=13529"},{"taxonomy":"product_tag","embeddable":true,"href":"https:\/\/printland.az\/ru\/wp-json\/wp\/v2\/product_tag?post=13529"}],"curies":[{"name":"wp","href":"https:\/\/api.w.org\/{rel}","templated":true}]}}