{"id":13761,"date":"2024-03-16T11:52:32","date_gmt":"2024-03-16T11:52:32","guid":{"rendered":"https:\/\/gray-koala-420333.hostingersite.com\/?post_type=product&#038;p=13761"},"modified":"2024-04-07T07:54:13","modified_gmt":"2024-04-07T07:54:13","slug":"d%c9%99ri-qovluq-001","status":"publish","type":"product","link":"https:\/\/printland.az\/ru\/shop\/metbee\/d%c9%99ri-qovluq-001\/","title":{"rendered":"\u0414\u0430\u0440\u0438 \u041a\u043e\u0432\u043b\u0443\u043a"},"content":{"rendered":"<p style=\"font-weight: 400;\">D\u0259ri qovluqlar h\u0259r hans\u0131 bir idar\u0259nin v\u0259 ya t\u0259\u015fkilat\u0131n r\u0259hb\u0259r \u015f\u0259xsl\u0259rin\u0259 i\u00e7\u0259risin\u0259 s\u0259n\u0259dl\u0259ri daha etibarl\u0131 v\u0259 s\u0259liq\u0259li \u015f\u0259kild\u0259 yerl\u0259\u015fdirib t\u0259qdim etm\u0259 k \u00fc\u00e7\u00fcn istifad\u0259 olunur. \u0424\u043e\u0440\u043c\u0430\u0442 A4 \u043c\u043e\u0436\u0435\u0442 \u0431\u044b\u0442\u044c \u0438\u0441\u043f\u043e\u043b\u044c\u0437\u043e\u0432\u0430\u043d \u0432 \u043b\u044e\u0431\u043e\u043c \u043c\u0435\u0441\u0442\u0435, \u0433\u0434\u0435 \u0432\u044b \u043c\u043e\u0436\u0435\u0442\u0435 \u0435\u0433\u043e \u0438\u0441\u043f\u043e\u043b\u044c\u0437\u043e\u0432\u0430\u0442\u044c. D\u0259ri qovluqlar\u0131n \u00fcz\u0259rin\u0259 t\u0259\u015fkilat\u0131n loqosu m\u00fcxt\u0259lif \u00fcsullarla basq\u0131 il\u0259 z\u0259rv\u0259r\u0259ql\u0259 yaz\u0131l\u0131r. Eyni zamanda bu c\u00fcr corporativ d\u0259ri qovluqlar r\u0259hb\u0259r \u015f\u0259xsl\u0259rin bir-birini ad g\u00fcn\u00fc, u\u011furlar\u0131 v\u0259 s. bar\u0259d\u0259 t\u0259brik etm\u0259si, r\u0259smi t\u0259dbirl\u0259r, imza m\u0259rasimi zaman\u0131 da istifad\u0259 olunur.<\/p>\n<p style=\"font-weight: 400;\">","protected":false},"excerpt":{"rendered":"<p style=\"font-weight: 400;\">DQ001<br \/>\nDQ002<br \/>\nDQ003<br \/>\nDQ004<br \/>\nDQ005<\/p>\n<p style=\"font-weight: 400;\">DQ006<\/p>\n<p>DQ007<\/p>\n<p>DQ008<\/p>\n<p>DQ009<\/p>\n<p>&nbsp;<\/p>","protected":false},"featured_media":13811,"comment_status":"closed","ping_status":"closed","template":"","meta":[],"product_brand":[],"product_cat":[58],"product_tag":[],"class_list":{"0":"post-13761","1":"product","2":"type-product","3":"status-publish","4":"has-post-thumbnail","6":"product_cat-metbee","8":"first","9":"instock","10":"shipping-taxable","11":"purchasable","12":"product-type-simple"},"yoast_head":"<!-- This site is optimized with the Yoast SEO plugin v27.4 - https:\/\/yoast.com\/product\/yoast-seo-wordpress\/ -->\n<title>D\u0259ri qovluq - Printland<\/title>\n<meta name=\"robots\" content=\"index, follow, max-snippet:-1, max-image-preview:large, max-video-preview:-1\" \/>\n<link rel=\"canonical\" href=\"https:\/\/printland.az\/ru\/shop\/metbee\/d\u0259ri-qovluq-001\/\" \/>\n<meta property=\"og:locale\" content=\"ru_RU\" \/>\n<meta property=\"og:type\" content=\"article\" \/>\n<meta property=\"og:title\" content=\"D\u0259ri qovluq - Printland\" \/>\n<meta property=\"og:description\" content=\"DQ001 DQ002 DQ003 DQ004 DQ005 DQ006 DQ007  DQ008  DQ009  &nbsp;\" \/>\n<meta property=\"og:url\" content=\"https:\/\/printland.az\/ru\/shop\/metbee\/d\u0259ri-qovluq-001\/\" \/>\n<meta property=\"og:site_name\" content=\"Printland\" \/>\n<meta property=\"article:modified_time\" content=\"2024-04-07T07:54:13+00:00\" \/>\n<meta property=\"og:image\" content=\"https:\/\/printland.az\/wp-content\/uploads\/2024\/03\/printland.az_.print-bakuprintng-baku-_2-3.webp\" \/>\n\t<meta property=\"og:image:width\" content=\"1536\" \/>\n\t<meta property=\"og:image:height\" content=\"2048\" \/>\n\t<meta property=\"og:image:type\" content=\"image\/webp\" \/>\n<meta name=\"twitter:card\" content=\"summary_large_image\" \/>\n<meta name=\"twitter:label1\" content=\"\u041f\u0440\u0438\u043c\u0435\u0440\u043d\u043e\u0435 \u0432\u0440\u0435\u043c\u044f \u0434\u043b\u044f \u0447\u0442\u0435\u043d\u0438\u044f\" \/>\n\t<meta name=\"twitter:data1\" content=\"1 \u043c\u0438\u043d\u0443\u0442\u0430\" \/>\n<script type=\"application\/ld+json\" class=\"yoast-schema-graph\">{\"@context\":\"https:\\\/\\\/schema.org\",\"@graph\":[{\"@type\":\"WebPage\",\"@id\":\"https:\\\/\\\/printland.az\\\/ru\\\/shop\\\/metbee\\\/d%c9%99ri-qovluq-001\\\/\",\"url\":\"https:\\\/\\\/printland.az\\\/ru\\\/shop\\\/metbee\\\/d%c9%99ri-qovluq-001\\\/\",\"name\":\"D\u0259ri qovluq - Printland\",\"isPartOf\":{\"@id\":\"https:\\\/\\\/printland.az\\\/az\\\/#website\"},\"primaryImageOfPage\":{\"@id\":\"https:\\\/\\\/printland.az\\\/ru\\\/shop\\\/metbee\\\/d%c9%99ri-qovluq-001\\\/#primaryimage\"},\"image\":{\"@id\":\"https:\\\/\\\/printland.az\\\/ru\\\/shop\\\/metbee\\\/d%c9%99ri-qovluq-001\\\/#primaryimage\"},\"thumbnailUrl\":\"https:\\\/\\\/printland.az\\\/wp-content\\\/uploads\\\/2024\\\/03\\\/printland.az_.print-bakuprintng-baku-_2-3.webp\",\"datePublished\":\"2024-03-16T11:52:32+00:00\",\"dateModified\":\"2024-04-07T07:54:13+00:00\",\"breadcrumb\":{\"@id\":\"https:\\\/\\\/printland.az\\\/ru\\\/shop\\\/metbee\\\/d%c9%99ri-qovluq-001\\\/#breadcrumb\"},\"inLanguage\":\"ru-RU\",\"potentialAction\":[{\"@type\":\"ReadAction\",\"target\":[\"https:\\\/\\\/printland.az\\\/ru\\\/shop\\\/metbee\\\/d%c9%99ri-qovluq-001\\\/\"]}]},{\"@type\":\"ImageObject\",\"inLanguage\":\"ru-RU\",\"@id\":\"https:\\\/\\\/printland.az\\\/ru\\\/shop\\\/metbee\\\/d%c9%99ri-qovluq-001\\\/#primaryimage\",\"url\":\"https:\\\/\\\/printland.az\\\/wp-content\\\/uploads\\\/2024\\\/03\\\/printland.az_.print-bakuprintng-baku-_2-3.webp\",\"contentUrl\":\"https:\\\/\\\/printland.az\\\/wp-content\\\/uploads\\\/2024\\\/03\\\/printland.az_.print-bakuprintng-baku-_2-3.webp\",\"width\":1536,\"height\":2048},{\"@type\":\"BreadcrumbList\",\"@id\":\"https:\\\/\\\/printland.az\\\/ru\\\/shop\\\/metbee\\\/d%c9%99ri-qovluq-001\\\/#breadcrumb\",\"itemListElement\":[{\"@type\":\"ListItem\",\"position\":1,\"name\":\"Home\",\"item\":\"https:\\\/\\\/printland.az\\\/az\\\/\"},{\"@type\":\"ListItem\",\"position\":2,\"name\":\"M\u0259hsullar\u0131m\u0131z\",\"item\":\"https:\\\/\\\/printland.az\\\/az\\\/shop\\\/\"},{\"@type\":\"ListItem\",\"position\":3,\"name\":\"D\u0259ri qovluq\"}]},{\"@type\":\"WebSite\",\"@id\":\"https:\\\/\\\/printland.az\\\/az\\\/#website\",\"url\":\"https:\\\/\\\/printland.az\\\/az\\\/\",\"name\":\"Printland\",\"description\":\"\",\"potentialAction\":[{\"@type\":\"SearchAction\",\"target\":{\"@type\":\"EntryPoint\",\"urlTemplate\":\"https:\\\/\\\/printland.az\\\/az\\\/?s={search_term_string}\"},\"query-input\":{\"@type\":\"PropertyValueSpecification\",\"valueRequired\":true,\"valueName\":\"search_term_string\"}}],\"inLanguage\":\"ru-RU\"}]}<\/script>\n<!-- \/ Yoast SEO plugin. -->","yoast_head_json":{"title":"D\u0259ri qovluq - Printland","robots":{"index":"index","follow":"follow","max-snippet":"max-snippet:-1","max-image-preview":"max-image-preview:large","max-video-preview":"max-video-preview:-1"},"canonical":"https:\/\/printland.az\/ru\/shop\/metbee\/d\u0259ri-qovluq-001\/","og_locale":"ru_RU","og_type":"article","og_title":"D\u0259ri qovluq - Printland","og_description":"DQ001 DQ002 DQ003 DQ004 DQ005 DQ006 DQ007  DQ008  DQ009  &nbsp;","og_url":"https:\/\/printland.az\/ru\/shop\/metbee\/d\u0259ri-qovluq-001\/","og_site_name":"Printland","article_modified_time":"2024-04-07T07:54:13+00:00","og_image":[{"width":1536,"height":2048,"url":"https:\/\/printland.az\/wp-content\/uploads\/2024\/03\/printland.az_.print-bakuprintng-baku-_2-3.webp","type":"image\/webp"}],"twitter_card":"summary_large_image","twitter_misc":{"\u041f\u0440\u0438\u043c\u0435\u0440\u043d\u043e\u0435 \u0432\u0440\u0435\u043c\u044f \u0434\u043b\u044f \u0447\u0442\u0435\u043d\u0438\u044f":"1 \u043c\u0438\u043d\u0443\u0442\u0430"},"schema":{"@context":"https:\/\/schema.org","@graph":[{"@type":"WebPage","@id":"https:\/\/printland.az\/ru\/shop\/metbee\/d%c9%99ri-qovluq-001\/","url":"https:\/\/printland.az\/ru\/shop\/metbee\/d%c9%99ri-qovluq-001\/","name":"D\u0259ri qovluq - Printland","isPartOf":{"@id":"https:\/\/printland.az\/az\/#website"},"primaryImageOfPage":{"@id":"https:\/\/printland.az\/ru\/shop\/metbee\/d%c9%99ri-qovluq-001\/#primaryimage"},"image":{"@id":"https:\/\/printland.az\/ru\/shop\/metbee\/d%c9%99ri-qovluq-001\/#primaryimage"},"thumbnailUrl":"https:\/\/printland.az\/wp-content\/uploads\/2024\/03\/printland.az_.print-bakuprintng-baku-_2-3.webp","datePublished":"2024-03-16T11:52:32+00:00","dateModified":"2024-04-07T07:54:13+00:00","breadcrumb":{"@id":"https:\/\/printland.az\/ru\/shop\/metbee\/d%c9%99ri-qovluq-001\/#breadcrumb"},"inLanguage":"ru-RU","potentialAction":[{"@type":"ReadAction","target":["https:\/\/printland.az\/ru\/shop\/metbee\/d%c9%99ri-qovluq-001\/"]}]},{"@type":"ImageObject","inLanguage":"ru-RU","@id":"https:\/\/printland.az\/ru\/shop\/metbee\/d%c9%99ri-qovluq-001\/#primaryimage","url":"https:\/\/printland.az\/wp-content\/uploads\/2024\/03\/printland.az_.print-bakuprintng-baku-_2-3.webp","contentUrl":"https:\/\/printland.az\/wp-content\/uploads\/2024\/03\/printland.az_.print-bakuprintng-baku-_2-3.webp","width":1536,"height":2048},{"@type":"BreadcrumbList","@id":"https:\/\/printland.az\/ru\/shop\/metbee\/d%c9%99ri-qovluq-001\/#breadcrumb","itemListElement":[{"@type":"ListItem","position":1,"name":"Home","item":"https:\/\/printland.az\/az\/"},{"@type":"ListItem","position":2,"name":"M\u0259hsullar\u0131m\u0131z","item":"https:\/\/printland.az\/az\/shop\/"},{"@type":"ListItem","position":3,"name":"D\u0259ri qovluq"}]},{"@type":"WebSite","@id":"https:\/\/printland.az\/az\/#website","url":"https:\/\/printland.az\/az\/","name":"Printland","description":"","potentialAction":[{"@type":"SearchAction","target":{"@type":"EntryPoint","urlTemplate":"https:\/\/printland.az\/az\/?s={search_term_string}"},"query-input":{"@type":"PropertyValueSpecification","valueRequired":true,"valueName":"search_term_string"}}],"inLanguage":"ru-RU"}]}},"_links":{"self":[{"href":"https:\/\/printland.az\/ru\/wp-json\/wp\/v2\/product\/13761","targetHints":{"allow":["GET"]}}],"collection":[{"href":"https:\/\/printland.az\/ru\/wp-json\/wp\/v2\/product"}],"about":[{"href":"https:\/\/printland.az\/ru\/wp-json\/wp\/v2\/types\/product"}],"replies":[{"embeddable":true,"href":"https:\/\/printland.az\/ru\/wp-json\/wp\/v2\/comments?post=13761"}],"wp:featuredmedia":[{"embeddable":true,"href":"https:\/\/printland.az\/ru\/wp-json\/wp\/v2\/media\/13811"}],"wp:attachment":[{"href":"https:\/\/printland.az\/ru\/wp-json\/wp\/v2\/media?parent=13761"}],"wp:term":[{"taxonomy":"product_brand","embeddable":true,"href":"https:\/\/printland.az\/ru\/wp-json\/wp\/v2\/product_brand?post=13761"},{"taxonomy":"product_cat","embeddable":true,"href":"https:\/\/printland.az\/ru\/wp-json\/wp\/v2\/product_cat?post=13761"},{"taxonomy":"product_tag","embeddable":true,"href":"https:\/\/printland.az\/ru\/wp-json\/wp\/v2\/product_tag?post=13761"}],"curies":[{"name":"wp","href":"https:\/\/api.w.org\/{rel}","templated":true}]}}